{"id":104,"date":"2025-06-10T10:35:56","date_gmt":"2025-06-10T08:35:56","guid":{"rendered":"https:\/\/bouchemaine.hclm49.fr\/?page_id=104"},"modified":"2026-02-10T09:59:42","modified_gmt":"2026-02-10T08:59:42","slug":"sites-naturels","status":"publish","type":"page","link":"https:\/\/bouchemaine.hclm49.fr\/?page_id=104","title":{"rendered":"F\u00eates populaires"},"content":{"rendered":"\t\t<div data-elementor-type=\"wp-page\" data-elementor-id=\"104\" class=\"elementor elementor-104\">\n\t\t\t\t<div class=\"elementor-element elementor-element-1c3744f e-con-full e-flex e-con e-parent\" data-id=\"1c3744f\" data-element_type=\"container\" data-e-type=\"container\" data-settings=\"{&quot;background_background&quot;:&quot;classic&quot;}\">\n\t\t\t\t<div class=\"elementor-element elementor-element-f18b954 elementor-widget elementor-widget-heading\" data-id=\"f18b954\" data-element_type=\"widget\" data-e-type=\"widget\" data-widget_type=\"heading.default\">\n\t\t\t\t<div class=\"elementor-widget-container\">\n\t\t\t\t\t<h2 class=\"elementor-heading-title elementor-size-default\">F\u00eates populaires<\/h2>\t\t\t\t<\/div>\n\t\t\t\t<\/div>\n\t\t\t\t<\/div>\n\t\t<div class=\"elementor-element elementor-element-19c8866 e-con-full e-flex e-con e-parent\" data-id=\"19c8866\" data-element_type=\"container\" data-e-type=\"container\" data-settings=\"{&quot;background_background&quot;:&quot;classic&quot;}\">\n\t\t<div class=\"elementor-element elementor-element-66d7733 e-grid e-con-full e-con e-child\" data-id=\"66d7733\" data-element_type=\"container\" data-e-type=\"container\" data-settings=\"{&quot;background_background&quot;:&quot;classic&quot;}\">\n\t\t<div class=\"elementor-element elementor-element-d680146 e-con-full e-flex e-con e-child\" data-id=\"d680146\" data-element_type=\"container\" data-e-type=\"container\" data-settings=\"{&quot;background_background&quot;:&quot;classic&quot;}\">\n\t\t\t\t<div class=\"elementor-element elementor-element-666ed86 elementor-widget elementor-widget-image\" data-id=\"666ed86\" data-element_type=\"widget\" data-e-type=\"widget\" data-widget_type=\"image.default\">\n\t\t\t\t<div class=\"elementor-widget-container\">\n\t\t\t\t\t\t\t\t\t\t\t\t\t\t\t<img decoding=\"async\" src=\"https:\/\/bouchemaine.hclm49.fr\/wp-content\/uploads\/elementor\/thumbs\/loisirs-fetes-rh7jcp1tygfgman79ea3e3f78jzxyi9uevdl6cx51s.png\" title=\"loisirs-f\u00eates\" alt=\"loisirs-f\u00eates\" loading=\"lazy\" \/>\t\t\t\t\t\t\t\t\t\t\t\t\t\t\t<\/div>\n\t\t\t\t<\/div>\n\t\t\t\t<div class=\"elementor-element elementor-element-237ab5a elementor-widget elementor-widget-heading\" data-id=\"237ab5a\" data-element_type=\"widget\" data-e-type=\"widget\" data-widget_type=\"heading.default\">\n\t\t\t\t<div class=\"elementor-widget-container\">\n\t\t\t\t\t<h2 class=\"elementor-heading-title elementor-size-default\"><a href=\"https:\/\/bouchemaine.hclm49.fr\/?page_id=1484\" target=\"_blank\">F\u00eates pastorales 1935\/1936<\/a><\/h2>\t\t\t\t<\/div>\n\t\t\t\t<\/div>\n\t\t\t\t<div class=\"elementor-element elementor-element-584c912 elementor-widget elementor-widget-text-editor\" data-id=\"584c912\" data-element_type=\"widget\" data-e-type=\"widget\" data-widget_type=\"text-editor.default\">\n\t\t\t\t<div class=\"elementor-widget-container\">\n\t\t\t\t\t\t\t\t\t<p><span style=\"font-size: medium;\"><span style=\"font-family: Comic Sans MS, cursive;\">Les f\u00eates pastorales de Bouchemaine en 1935-1936, organis\u00e9es l\u2019\u00e9t\u00e9 sur les bords de la Maine, \u00e9taient de grands moments de liesse populaire m\u00ealant tradition, musique et comp\u00e9titions sportives. Pr\u00e9par\u00e9es par le comit\u00e9 des f\u00eates dans une ambiance joyeuse, elles rassemblaient toute la commune, d\u00e9cor\u00e9e de drapeaux et de banderoles pour l\u2019occasion.<\/span> <\/span><\/p><p align=\"right\"><span style=\"font-family: Comic Sans MS, cursive;\"><span style=\"font-size: medium;\"><i><b>Gabriel Gillot <\/b><b>(Ao\u00fbt 2016)<\/b><\/i><\/span><\/span><\/p><p align=\"right\"><a href=\"https:\/\/bouchemaine.hclm49.fr\/wp-content\/uploads\/2026\/02\/Fetes-pastorales-resume.pdf\" target=\"_blank\" rel=\"noopener\"><span style=\"font-family: Comic Sans MS, cursive;\"><span style=\"font-size: large;\">Lire le r\u00e9sum\u00e9 <\/span><\/span><\/a><\/p><p align=\"right\">\u00a0<\/p>\t\t\t\t\t\t\t\t<\/div>\n\t\t\t\t<\/div>\n\t\t\t\t<\/div>\n\t\t\t\t<\/div>\n\t\t\t\t<\/div>\n\t\t\t\t<\/div>\n\t\t","protected":false},"excerpt":{"rendered":"<p>F\u00eates populaires F\u00eates pastorales 1935\/1936 Les f\u00eates pastorales de Bouchemaine en 1935-1936, organis\u00e9es l\u2019\u00e9t\u00e9 sur les bords de la Maine, \u00e9taient de grands moments de liesse populaire m\u00ealant tradition, musique et comp\u00e9titions sportives. Pr\u00e9par\u00e9es par le comit\u00e9 des f\u00eates dans une ambiance joyeuse, elles rassemblaient toute la commune, d\u00e9cor\u00e9e de drapeaux et de banderoles pour [&hellip;]<\/p>\n","protected":false},"author":1,"featured_media":0,"parent":0,"menu_order":0,"comment_status":"closed","ping_status":"closed","template":"","meta":{"site-sidebar-layout":"no-sidebar","site-content-layout":"","ast-site-content-layout":"full-width-container","site-content-style":"default","site-sidebar-style":"default","ast-global-header-display":"","ast-banner-title-visibility":"","ast-main-header-display":"","ast-hfb-above-header-display":"","ast-hfb-below-header-display":"","ast-hfb-mobile-header-display":"","site-post-title":"disabled","ast-breadcrumbs-content":"","ast-featured-img":"disabled","footer-sml-layout":"","ast-disable-related-posts":"","theme-transparent-header-meta":"","adv-header-id-meta":"","stick-header-meta":"","header-above-stick-meta":"","header-main-stick-meta":"","header-below-stick-meta":"","astra-migrate-meta-layouts":"default","ast-page-background-enabled":"default","ast-page-background-meta":{"desktop":{"background-color":"var(--ast-global-color-5)","background-image":"","background-repeat":"repeat","background-position":"center center","background-size":"auto","background-attachment":"scroll","background-type":"","background-media":"","overlay-type":"","overlay-color":"","overlay-opacity":"","overlay-gradient":""},"tablet":{"background-color":"","background-image":"","background-repeat":"repeat","background-position":"center center","background-size":"auto","background-attachment":"scroll","background-type":"","background-media":"","overlay-type":"","overlay-color":"","overlay-opacity":"","overlay-gradient":""},"mobile":{"background-color":"","background-image":"","background-repeat":"repeat","background-position":"center center","background-size":"auto","background-attachment":"scroll","background-type":"","background-media":"","overlay-type":"","overlay-color":"","overlay-opacity":"","overlay-gradient":""}},"ast-content-background-meta":{"desktop":{"background-color":"var(--ast-global-color-4)","background-image":"","background-repeat":"repeat","background-position":"center center","background-size":"auto","background-attachment":"scroll","background-type":"","background-media":"","overlay-type":"","overlay-color":"","overlay-opacity":"","overlay-gradient":""},"tablet":{"background-color":"var(--ast-global-color-4)","background-image":"","background-repeat":"repeat","background-position":"center center","background-size":"auto","background-attachment":"scroll","background-type":"","background-media":"","overlay-type":"","overlay-color":"","overlay-opacity":"","overlay-gradient":""},"mobile":{"background-color":"var(--ast-global-color-4)","background-image":"","background-repeat":"repeat","background-position":"center center","background-size":"auto","background-attachment":"scroll","background-type":"","background-media":"","overlay-type":"","overlay-color":"","overlay-opacity":"","overlay-gradient":""}},"footnotes":""},"class_list":["post-104","page","type-page","status-publish","hentry"],"_links":{"self":[{"href":"https:\/\/bouchemaine.hclm49.fr\/index.php?rest_route=\/wp\/v2\/pages\/104","targetHints":{"allow":["GET"]}}],"collection":[{"href":"https:\/\/bouchemaine.hclm49.fr\/index.php?rest_route=\/wp\/v2\/pages"}],"about":[{"href":"https:\/\/bouchemaine.hclm49.fr\/index.php?rest_route=\/wp\/v2\/types\/page"}],"author":[{"embeddable":true,"href":"https:\/\/bouchemaine.hclm49.fr\/index.php?rest_route=\/wp\/v2\/users\/1"}],"replies":[{"embeddable":true,"href":"https:\/\/bouchemaine.hclm49.fr\/index.php?rest_route=%2Fwp%2Fv2%2Fcomments&post=104"}],"version-history":[{"count":193,"href":"https:\/\/bouchemaine.hclm49.fr\/index.php?rest_route=\/wp\/v2\/pages\/104\/revisions"}],"predecessor-version":[{"id":2132,"href":"https:\/\/bouchemaine.hclm49.fr\/index.php?rest_route=\/wp\/v2\/pages\/104\/revisions\/2132"}],"wp:attachment":[{"href":"https:\/\/bouchemaine.hclm49.fr\/index.php?rest_route=%2Fwp%2Fv2%2Fmedia&parent=104"}],"curies":[{"name":"wp","href":"https:\/\/api.w.org\/{rel}","templated":true}]}}