{"id":1211,"date":"2025-10-21T16:34:09","date_gmt":"2025-10-21T14:34:09","guid":{"rendered":"https:\/\/bouchemaine.hclm49.fr\/?page_id=1211"},"modified":"2026-02-09T18:47:36","modified_gmt":"2026-02-09T17:47:36","slug":"patrimoine-civil","status":"publish","type":"page","link":"https:\/\/bouchemaine.hclm49.fr\/?page_id=1211","title":{"rendered":"Patrimoine civil"},"content":{"rendered":"\t\t<div data-elementor-type=\"wp-page\" data-elementor-id=\"1211\" class=\"elementor elementor-1211\">\n\t\t\t\t<div class=\"elementor-element elementor-element-1c3744f e-con-full e-flex e-con e-parent\" data-id=\"1c3744f\" data-element_type=\"container\" data-e-type=\"container\" data-settings=\"{&quot;background_background&quot;:&quot;classic&quot;}\">\n\t\t\t\t<div class=\"elementor-element elementor-element-f18b954 elementor-widget elementor-widget-heading\" data-id=\"f18b954\" data-element_type=\"widget\" data-e-type=\"widget\" data-widget_type=\"heading.default\">\n\t\t\t\t<div class=\"elementor-widget-container\">\n\t\t\t\t\t<h2 class=\"elementor-heading-title elementor-size-default\">Patrimoine civil<\/h2>\t\t\t\t<\/div>\n\t\t\t\t<\/div>\n\t\t\t\t<div class=\"elementor-element elementor-element-cc719e4 elementor-widget__width-inherit elementor-widget elementor-widget-text-editor\" data-id=\"cc719e4\" data-element_type=\"widget\" data-e-type=\"widget\" data-widget_type=\"text-editor.default\">\n\t\t\t\t<div class=\"elementor-widget-container\">\n\t\t\t\t\t\t\t\t\t<p>D\u00e9couvrez le patrimoine de Bouchemaine, t\u00e9moin de l&rsquo;histoire de la commune.<\/p>\t\t\t\t\t\t\t\t<\/div>\n\t\t\t\t<\/div>\n\t\t\t\t<\/div>\n\t\t<div class=\"elementor-element elementor-element-b2384c4 e-flex e-con-boxed e-con e-parent\" data-id=\"b2384c4\" data-element_type=\"container\" data-e-type=\"container\" data-settings=\"{&quot;background_background&quot;:&quot;classic&quot;}\">\n\t\t\t\t\t<div class=\"e-con-inner\">\n\t\t<div class=\"elementor-element elementor-element-4562cb5 e-grid e-con-full e-con e-child\" data-id=\"4562cb5\" data-element_type=\"container\" data-e-type=\"container\">\n\t\t<div class=\"elementor-element elementor-element-dc311a1 e-con-full e-flex e-con e-child\" data-id=\"dc311a1\" data-element_type=\"container\" data-e-type=\"container\" data-settings=\"{&quot;background_background&quot;:&quot;classic&quot;}\">\n\t\t\t\t<div class=\"elementor-element elementor-element-2827a3c elementor-widget elementor-widget-image\" data-id=\"2827a3c\" data-element_type=\"widget\" data-e-type=\"widget\" data-widget_type=\"image.default\">\n\t\t\t\t<div class=\"elementor-widget-container\">\n\t\t\t\t\t\t\t\t\t\t\t\t\t\t\t<img fetchpriority=\"high\" decoding=\"async\" width=\"1024\" height=\"732\" src=\"https:\/\/bouchemaine.hclm49.fr\/wp-content\/uploads\/2026\/02\/A-LAUBE-DU-XXe-SIECLE-B-72-Photo-1024x732.jpg\" class=\"attachment-large size-large wp-image-2102\" alt=\"\" srcset=\"https:\/\/bouchemaine.hclm49.fr\/wp-content\/uploads\/2026\/02\/A-LAUBE-DU-XXe-SIECLE-B-72-Photo-1024x732.jpg 1024w, https:\/\/bouchemaine.hclm49.fr\/wp-content\/uploads\/2026\/02\/A-LAUBE-DU-XXe-SIECLE-B-72-Photo-300x215.jpg 300w, https:\/\/bouchemaine.hclm49.fr\/wp-content\/uploads\/2026\/02\/A-LAUBE-DU-XXe-SIECLE-B-72-Photo-768x549.jpg 768w, https:\/\/bouchemaine.hclm49.fr\/wp-content\/uploads\/2026\/02\/A-LAUBE-DU-XXe-SIECLE-B-72-Photo-1536x1098.jpg 1536w, https:\/\/bouchemaine.hclm49.fr\/wp-content\/uploads\/2026\/02\/A-LAUBE-DU-XXe-SIECLE-B-72-Photo-2048x1465.jpg 2048w\" sizes=\"(max-width: 1024px) 100vw, 1024px\" \/>\t\t\t\t\t\t\t\t\t\t\t\t\t\t\t<\/div>\n\t\t\t\t<\/div>\n\t\t\t\t<div class=\"elementor-element elementor-element-fc69f65 elementor-widget elementor-widget-heading\" data-id=\"fc69f65\" data-element_type=\"widget\" data-e-type=\"widget\" data-widget_type=\"heading.default\">\n\t\t\t\t<div class=\"elementor-widget-container\">\n\t\t\t\t\t<h2 class=\"elementor-heading-title elementor-size-default\"><a href=\"https:\/\/bouchemaine.hclm49.fr\/wp-content\/uploads\/2025\/06\/11_Exposition-docteur-Meniere-archives-Henri-Lapart.pdf\" target=\"_blank\">A l'aube du XXe si\u00e8cle<\/a><\/h2>\t\t\t\t<\/div>\n\t\t\t\t<\/div>\n\t\t\t\t<div class=\"elementor-element elementor-element-d3d5d1e elementor-widget elementor-widget-text-editor\" data-id=\"d3d5d1e\" data-element_type=\"widget\" data-e-type=\"widget\" data-widget_type=\"text-editor.default\">\n\t\t\t\t<div class=\"elementor-widget-container\">\n\t\t\t\t\t\t\t\t\t<p><i>Le Docteur Pierre-louis M\u00e9ni\u00e8re a r\u00e9alis\u00e9 de nombreuses photos de Bouchemaine. Ces clich\u00e9s ont \u00e9t\u00e9 conserv\u00e9s par Henri Lapart, co-fondateur d\u2019HCLM.<\/i><\/p><p><i>Le bulletin HCLM N\u00b072 , accessible \u00e0 tous en version compl\u00e8te, reproduit quelques clich\u00e9s du Docteur M\u00e9ni\u00e8re.<\/i><\/p><p><i>Vous y trouverez \u00e9galement l\u2019histoire de la cr\u00e9ation de l\u2019association et le r\u00f4le de H.Lapart.<\/i><\/p><p><i>Enfin, Dans le th\u00e8me \u2018Portaits\u2019 de ce site vous pourrez faire la connaissance du Dr. M\u00e9ni\u00e8re et de sa famille.<\/i><\/p><p><i><a href=\"https:\/\/hclm49.fr\/bulletins\/\">Consulter le bulletin B72<\/a><\/i><\/p><p><i><a href=\"https:\/\/bouchemaine.hclm49.fr\/?page_id=1091\">Conna\u00eetre le Dr. M\u00e9ni\u00e8re et sa famille<\/a><\/i><\/p>\t\t\t\t\t\t\t\t<\/div>\n\t\t\t\t<\/div>\n\t\t\t\t<\/div>\n\t\t<div class=\"elementor-element elementor-element-8bad644 e-con-full e-flex e-con e-child\" data-id=\"8bad644\" data-element_type=\"container\" data-e-type=\"container\">\n\t\t\t\t<div class=\"elementor-element elementor-element-79933e4 elementor-widget__width-inherit elementor-widget elementor-widget-image\" data-id=\"79933e4\" data-element_type=\"widget\" data-e-type=\"widget\" data-widget_type=\"image.default\">\n\t\t\t\t<div class=\"elementor-widget-container\">\n\t\t\t\t\t\t\t\t\t\t\t\t\t\t\t<img decoding=\"async\" width=\"945\" height=\"591\" src=\"https:\/\/bouchemaine.hclm49.fr\/wp-content\/uploads\/2025\/10\/chateau-fresne.jpg\" class=\"attachment-large size-large wp-image-1196\" alt=\"\" srcset=\"https:\/\/bouchemaine.hclm49.fr\/wp-content\/uploads\/2025\/10\/chateau-fresne.jpg 945w, https:\/\/bouchemaine.hclm49.fr\/wp-content\/uploads\/2025\/10\/chateau-fresne-300x188.jpg 300w, https:\/\/bouchemaine.hclm49.fr\/wp-content\/uploads\/2025\/10\/chateau-fresne-768x480.jpg 768w\" sizes=\"(max-width: 945px) 100vw, 945px\" \/>\t\t\t\t\t\t\t\t\t\t\t\t\t\t\t<\/div>\n\t\t\t\t<\/div>\n\t\t\t\t<div class=\"elementor-element elementor-element-cb83b02 elementor-widget elementor-widget-heading\" data-id=\"cb83b02\" data-element_type=\"widget\" data-e-type=\"widget\" data-widget_type=\"heading.default\">\n\t\t\t\t<div class=\"elementor-widget-container\">\n\t\t\t\t\t<h2 class=\"elementor-heading-title elementor-size-default\"><a href=\"https:\/\/bouchemaine.hclm49.fr\/wp-content\/uploads\/2025\/10\/HCLM_B27_4_Bouchemaine-le-chateau-du-Fresne.pdf\" target=\"_blank\">Le ch\u00e2teau du Fresne \u00e0 La Pointe (Bouchemaine)<\/a><\/h2>\t\t\t\t<\/div>\n\t\t\t\t<\/div>\n\t\t\t\t<\/div>\n\t\t<div class=\"elementor-element elementor-element-5c7c53c e-con-full e-flex e-con e-child\" data-id=\"5c7c53c\" data-element_type=\"container\" data-e-type=\"container\">\n\t\t\t\t<div class=\"elementor-element elementor-element-08be6ef elementor-widget elementor-widget-image\" data-id=\"08be6ef\" data-element_type=\"widget\" data-e-type=\"widget\" data-widget_type=\"image.default\">\n\t\t\t\t<div class=\"elementor-widget-container\">\n\t\t\t\t\t\t\t\t\t\t\t\t\t\t\t<img decoding=\"async\" width=\"923\" height=\"554\" src=\"https:\/\/bouchemaine.hclm49.fr\/wp-content\/uploads\/2026\/01\/chateau-perriere.jpg\" class=\"attachment-large size-large wp-image-1845\" alt=\"\" srcset=\"https:\/\/bouchemaine.hclm49.fr\/wp-content\/uploads\/2026\/01\/chateau-perriere.jpg 923w, https:\/\/bouchemaine.hclm49.fr\/wp-content\/uploads\/2026\/01\/chateau-perriere-300x180.jpg 300w, https:\/\/bouchemaine.hclm49.fr\/wp-content\/uploads\/2026\/01\/chateau-perriere-768x461.jpg 768w\" sizes=\"(max-width: 923px) 100vw, 923px\" \/>\t\t\t\t\t\t\t\t\t\t\t\t\t\t\t<\/div>\n\t\t\t\t<\/div>\n\t\t\t\t<div class=\"elementor-element elementor-element-0f3c549 elementor-widget elementor-widget-heading\" data-id=\"0f3c549\" data-element_type=\"widget\" data-e-type=\"widget\" data-widget_type=\"heading.default\">\n\t\t\t\t<div class=\"elementor-widget-container\">\n\t\t\t\t\t<h2 class=\"elementor-heading-title elementor-size-default\"><a href=\"https:\/\/bouchemaine.hclm49.fr\/wp-content\/uploads\/2026\/01\/Chateau-Perrier-Resume.pdf\" target=\"_blank\">Le ch\u00e2teau de La Perri\u00e8re \u00e0 La Pointe<\/a><\/h2>\t\t\t\t<\/div>\n\t\t\t\t<\/div>\n\t\t\t\t<\/div>\n\t\t<div class=\"elementor-element elementor-element-0f42db6 e-con-full e-flex e-con e-child\" data-id=\"0f42db6\" data-element_type=\"container\" data-e-type=\"container\" data-settings=\"{&quot;background_background&quot;:&quot;classic&quot;}\">\n\t\t\t\t<div class=\"elementor-element elementor-element-e611c36 elementor-widget__width-initial elementor-widget elementor-widget-image\" data-id=\"e611c36\" data-element_type=\"widget\" data-e-type=\"widget\" data-widget_type=\"image.default\">\n\t\t\t\t<div class=\"elementor-widget-container\">\n\t\t\t\t\t\t\t\t\t\t\t\t\t\t\t<img decoding=\"async\" src=\"https:\/\/bouchemaine.hclm49.fr\/wp-content\/uploads\/elementor\/thumbs\/prieure-de-Beaumont-riplb79qp3hqvptpn0gzsabrlj9aam9emxzjdesg88.jpg\" title=\"prieur\u00e9-de-Beaumont\" alt=\"prieur\u00e9-de-Beaumont\" loading=\"lazy\" \/>\t\t\t\t\t\t\t\t\t\t\t\t\t\t\t<\/div>\n\t\t\t\t<\/div>\n\t\t\t\t<div class=\"elementor-element elementor-element-91efc1f elementor-widget elementor-widget-heading\" data-id=\"91efc1f\" data-element_type=\"widget\" data-e-type=\"widget\" data-widget_type=\"heading.default\">\n\t\t\t\t<div class=\"elementor-widget-container\">\n\t\t\t\t\t<h2 class=\"elementor-heading-title elementor-size-default\">Histoire contemporaine du \"Prieur\u00e9 de Beaumont\"<\/h2>\t\t\t\t<\/div>\n\t\t\t\t<\/div>\n\t\t\t\t<div class=\"elementor-element elementor-element-f03f3a1 elementor-widget elementor-widget-text-editor\" data-id=\"f03f3a1\" data-element_type=\"widget\" data-e-type=\"widget\" data-widget_type=\"text-editor.default\">\n\t\t\t\t<div class=\"elementor-widget-container\">\n\t\t\t\t\t\t\t\t\t<p>Fond\u00e9 au XI\u00e8me si\u00e8cle, le prieur\u00e9 est affect\u00e9 par la R\u00e9volution ; le domaine est morcel\u00e9. Il est vendu \u00e0 plusieurs reprises\u00a0 avant d&rsquo;\u00eatre achet\u00e9 par la famille Guinel qui en fait une r\u00e9sidence d&rsquo;artistes.<\/p><p>Les destructions de 2014 posent la question de la pr\u00e9servation du patrimoine.<\/p><p style=\"text-align: left;\"><strong>Hugues Poulain (D\u00e9c. 2023)<\/strong><\/p><p><a href=\"https:\/\/bouchemaine.hclm49.fr\/wp-content\/uploads\/2026\/02\/HISTOIRE-CONTEMPORAINE-PRIEURE-Resume-1.pdf\" target=\"_blank\" rel=\"noopener\">Lire un r\u00e9sum\u00e9 de l&rsquo;article<\/a><\/p><div>\u00a0<\/div>\t\t\t\t\t\t\t\t<\/div>\n\t\t\t\t<\/div>\n\t\t\t\t<\/div>\n\t\t\t\t<\/div>\n\t\t\t\t\t<\/div>\n\t\t\t\t<\/div>\n\t\t\t\t<\/div>\n\t\t","protected":false},"excerpt":{"rendered":"<p>Patrimoine civil D\u00e9couvrez le patrimoine de Bouchemaine, t\u00e9moin de l&rsquo;histoire de la commune. A l&rsquo;aube du XXe si\u00e8cle Le Docteur Pierre-louis M\u00e9ni\u00e8re a r\u00e9alis\u00e9 de nombreuses photos de Bouchemaine. Ces clich\u00e9s ont \u00e9t\u00e9 conserv\u00e9s par Henri Lapart, co-fondateur d\u2019HCLM. Le bulletin HCLM N\u00b072 , accessible \u00e0 tous en version compl\u00e8te, reproduit quelques clich\u00e9s du Docteur [&hellip;]<\/p>\n","protected":false},"author":1,"featured_media":0,"parent":0,"menu_order":0,"comment_status":"closed","ping_status":"closed","template":"","meta":{"site-sidebar-layout":"no-sidebar","site-content-layout":"","ast-site-content-layout":"full-width-container","site-content-style":"default","site-sidebar-style":"default","ast-global-header-display":"","ast-banner-title-visibility":"","ast-main-header-display":"","ast-hfb-above-header-display":"","ast-hfb-below-header-display":"","ast-hfb-mobile-header-display":"","site-post-title":"disabled","ast-breadcrumbs-content":"","ast-featured-img":"disabled","footer-sml-layout":"","ast-disable-related-posts":"","theme-transparent-header-meta":"","adv-header-id-meta":"","stick-header-meta":"","header-above-stick-meta":"","header-main-stick-meta":"","header-below-stick-meta":"","astra-migrate-meta-layouts":"default","ast-page-background-enabled":"default","ast-page-background-meta":{"desktop":{"background-color":"var(--ast-global-color-5)","background-image":"","background-repeat":"repeat","background-position":"center center","background-size":"auto","background-attachment":"scroll","background-type":"","background-media":"","overlay-type":"","overlay-color":"","overlay-opacity":"","overlay-gradient":""},"tablet":{"background-color":"","background-image":"","background-repeat":"repeat","background-position":"center center","background-size":"auto","background-attachment":"scroll","background-type":"","background-media":"","overlay-type":"","overlay-color":"","overlay-opacity":"","overlay-gradient":""},"mobile":{"background-color":"","background-image":"","background-repeat":"repeat","background-position":"center center","background-size":"auto","background-attachment":"scroll","background-type":"","background-media":"","overlay-type":"","overlay-color":"","overlay-opacity":"","overlay-gradient":""}},"ast-content-background-meta":{"desktop":{"background-color":"var(--ast-global-color-4)","background-image":"","background-repeat":"repeat","background-position":"center center","background-size":"auto","background-attachment":"scroll","background-type":"","background-media":"","overlay-type":"","overlay-color":"","overlay-opacity":"","overlay-gradient":""},"tablet":{"background-color":"var(--ast-global-color-4)","background-image":"","background-repeat":"repeat","background-position":"center center","background-size":"auto","background-attachment":"scroll","background-type":"","background-media":"","overlay-type":"","overlay-color":"","overlay-opacity":"","overlay-gradient":""},"mobile":{"background-color":"var(--ast-global-color-4)","background-image":"","background-repeat":"repeat","background-position":"center center","background-size":"auto","background-attachment":"scroll","background-type":"","background-media":"","overlay-type":"","overlay-color":"","overlay-opacity":"","overlay-gradient":""}},"footnotes":""},"class_list":["post-1211","page","type-page","status-publish","hentry"],"_links":{"self":[{"href":"https:\/\/bouchemaine.hclm49.fr\/index.php?rest_route=\/wp\/v2\/pages\/1211","targetHints":{"allow":["GET"]}}],"collection":[{"href":"https:\/\/bouchemaine.hclm49.fr\/index.php?rest_route=\/wp\/v2\/pages"}],"about":[{"href":"https:\/\/bouchemaine.hclm49.fr\/index.php?rest_route=\/wp\/v2\/types\/page"}],"author":[{"embeddable":true,"href":"https:\/\/bouchemaine.hclm49.fr\/index.php?rest_route=\/wp\/v2\/users\/1"}],"replies":[{"embeddable":true,"href":"https:\/\/bouchemaine.hclm49.fr\/index.php?rest_route=%2Fwp%2Fv2%2Fcomments&post=1211"}],"version-history":[{"count":99,"href":"https:\/\/bouchemaine.hclm49.fr\/index.php?rest_route=\/wp\/v2\/pages\/1211\/revisions"}],"predecessor-version":[{"id":2126,"href":"https:\/\/bouchemaine.hclm49.fr\/index.php?rest_route=\/wp\/v2\/pages\/1211\/revisions\/2126"}],"wp:attachment":[{"href":"https:\/\/bouchemaine.hclm49.fr\/index.php?rest_route=%2Fwp%2Fv2%2Fmedia&parent=1211"}],"curies":[{"name":"wp","href":"https:\/\/api.w.org\/{rel}","templated":true}]}}