{"id":1507,"date":"2026-01-05T14:55:01","date_gmt":"2026-01-05T13:55:01","guid":{"rendered":"https:\/\/bouchemaine.hclm49.fr\/?page_id=1507"},"modified":"2026-01-14T12:45:23","modified_gmt":"2026-01-14T11:45:23","slug":"garde-champetre-2","status":"publish","type":"page","link":"https:\/\/bouchemaine.hclm49.fr\/?page_id=1507","title":{"rendered":"Garde champ\u00eatre"},"content":{"rendered":"\t\t<div data-elementor-type=\"wp-page\" data-elementor-id=\"1507\" class=\"elementor elementor-1507\">\n\t\t\t\t<div class=\"elementor-element elementor-element-14c9022 e-con-full e-flex e-con e-parent\" data-id=\"14c9022\" data-element_type=\"container\" data-e-type=\"container\">\n\t\t\t\t<div class=\"elementor-element elementor-element-b406cfe elementor-widget elementor-widget-heading\" data-id=\"b406cfe\" data-element_type=\"widget\" data-e-type=\"widget\" data-widget_type=\"heading.default\">\n\t\t\t\t<div class=\"elementor-widget-container\">\n\t\t\t\t\t<h2 class=\"elementor-heading-title elementor-size-default\">Garde champ\u00eatre \u00e0 Bouchemaine au 19\u00e8me si\u00e8cle<\/h2>\t\t\t\t<\/div>\n\t\t\t\t<\/div>\n\t\t\t\t<div class=\"elementor-element elementor-element-5aae63a elementor-widget elementor-widget-image\" data-id=\"5aae63a\" data-element_type=\"widget\" data-e-type=\"widget\" data-widget_type=\"image.default\">\n\t\t\t\t<div class=\"elementor-widget-container\">\n\t\t\t\t\t\t\t\t\t\t\t\t<figure class=\"wp-caption\">\n\t\t\t\t\t\t\t\t\t\t<img fetchpriority=\"high\" decoding=\"async\" width=\"1024\" height=\"429\" src=\"https:\/\/bouchemaine.hclm49.fr\/wp-content\/uploads\/2026\/01\/garde-champetre-devant-vigne-1024x429.jpg\" class=\"attachment-large size-large wp-image-1512\" alt=\"\" srcset=\"https:\/\/bouchemaine.hclm49.fr\/wp-content\/uploads\/2026\/01\/garde-champetre-devant-vigne-1024x429.jpg 1024w, https:\/\/bouchemaine.hclm49.fr\/wp-content\/uploads\/2026\/01\/garde-champetre-devant-vigne-300x126.jpg 300w, https:\/\/bouchemaine.hclm49.fr\/wp-content\/uploads\/2026\/01\/garde-champetre-devant-vigne-768x322.jpg 768w, https:\/\/bouchemaine.hclm49.fr\/wp-content\/uploads\/2026\/01\/garde-champetre-devant-vigne.jpg 1257w\" sizes=\"(max-width: 1024px) 100vw, 1024px\" \/>\t\t\t\t\t\t\t\t\t\t\t<figcaption class=\"widget-image-caption wp-caption-text\">Le garde champ\u00eatre devant les vignes \u00e0 Pruniers<\/figcaption>\n\t\t\t\t\t\t\t\t\t\t<\/figure>\n\t\t\t\t\t\t\t\t\t<\/div>\n\t\t\t\t<\/div>\n\t\t\t\t<\/div>\n\t\t<div class=\"elementor-element elementor-element-2f0e16f e-flex e-con-boxed e-con e-parent\" data-id=\"2f0e16f\" data-element_type=\"container\" data-e-type=\"container\">\n\t\t\t\t\t<div class=\"e-con-inner\">\n\t\t\t\t<div class=\"elementor-element elementor-element-f78f006 elementor-widget elementor-widget-heading\" data-id=\"f78f006\" data-element_type=\"widget\" data-e-type=\"widget\" data-widget_type=\"heading.default\">\n\t\t\t\t<div class=\"elementor-widget-container\">\n\t\t\t\t\t<h4 class=\"elementor-heading-title elementor-size-default\">AVIS A LA POPULATION ! (Prononcer 'Avisse')\nLE GARDE CHAMP\u00caTRE DE BOUCHEMAINE AU XIXe SIECLE<\/h4>\t\t\t\t<\/div>\n\t\t\t\t<\/div>\n\t\t\t\t<div class=\"elementor-element elementor-element-8648c1d elementor-widget elementor-widget-text-editor\" data-id=\"8648c1d\" data-element_type=\"widget\" data-e-type=\"widget\" data-widget_type=\"text-editor.default\">\n\t\t\t\t<div class=\"elementor-widget-container\">\n\t\t\t\t\t\t\t\t\t<p><span style=\"font-family: Comic Sans MS, cursive;\"><span style=\"font-size: medium;\">\u00a0 \u00a0 Au XIX\u1d49 si\u00e8cle, le garde champ\u00eatre occupe une place centrale dans la commune de Bouchemaine. Pr\u00e9sent lors des rassemblements tels que la sortie de la messe, il annonce les d\u00e9cisions municipales, surveille le territoire rural, fait respecter les arr\u00eat\u00e9s et prot\u00e8ge les personnes et les biens.<\/span><\/span><\/p><p><span style=\"font-family: Comic Sans MS, cursive;\"><span style=\"font-size: medium;\">\u00a0 \u00a0 Ses missions sont multiples, parfois exceptionnelles et s\u2019intensifient avec les \u00e9v\u00e9nements politiques ou \u00e9conomiques, comme la construction du chemin de fer.<\/span><\/span><\/p><p><span style=\"font-family: Comic Sans MS, cursive;\"><span style=\"font-size: medium;\">\u00a0 \u00a0 Une part essentielle de son activit\u00e9 concerne la r\u00e9glementation des vendanges, destin\u00e9e \u00e0 pr\u00e9server l\u2019ordre public et la qualit\u00e9 du vin.<\/span><\/span><span style=\"font-family: Comic Sans MS, cursive;\"><span style=\"font-size: medium;\">Aujourd\u2019hui disparue ou transform\u00e9e, cette fonction incarne une organisation communale d\u2019autrefois, ancr\u00e9e dans la vie quotidienne. <\/span><\/span><\/p><p style=\"text-align: right;\">Le texte complet, \u00e9crit par M-L. Triollet,\u00a0 a \u00e9t\u00e9 publi\u00e9 en 2019 dans le bulletin HCLM N\u00b064, pages 31-34<\/p>\t\t\t\t\t\t\t\t<\/div>\n\t\t\t\t<\/div>\n\t\t\t\t<div class=\"elementor-element elementor-element-b56c719 elementor-widget elementor-widget-button\" data-id=\"b56c719\" data-element_type=\"widget\" data-e-type=\"widget\" data-widget_type=\"button.default\">\n\t\t\t\t<div class=\"elementor-widget-container\">\n\t\t\t\t\t\t\t\t\t<div class=\"elementor-button-wrapper\">\n\t\t\t\t\t<a class=\"elementor-button elementor-button-link elementor-size-sm\" href=\"https:\/\/hclm49.fr\/bulletins\/\" target=\"_blank\">\n\t\t\t\t\t\t<span class=\"elementor-button-content-wrapper\">\n\t\t\t\t\t\t\t\t\t<span class=\"elementor-button-text\">Pour en savoir plus<\/span>\n\t\t\t\t\t<\/span>\n\t\t\t\t\t<\/a>\n\t\t\t\t<\/div>\n\t\t\t\t\t\t\t\t<\/div>\n\t\t\t\t<\/div>\n\t\t\t\t\t<\/div>\n\t\t\t\t<\/div>\n\t\t\t\t<\/div>\n\t\t","protected":false},"excerpt":{"rendered":"<p>Garde champ\u00eatre \u00e0 Bouchemaine au 19\u00e8me si\u00e8cle Le garde champ\u00eatre devant les vignes \u00e0 Pruniers AVIS A LA POPULATION ! (Prononcer &lsquo;Avisse&rsquo;) LE GARDE CHAMP\u00caTRE DE BOUCHEMAINE AU XIXe SIECLE \u00a0 \u00a0 Au XIX\u1d49 si\u00e8cle, le garde champ\u00eatre occupe une place centrale dans la commune de Bouchemaine. Pr\u00e9sent lors des rassemblements tels que la sortie [&hellip;]<\/p>\n","protected":false},"author":1,"featured_media":0,"parent":0,"menu_order":0,"comment_status":"closed","ping_status":"closed","template":"","meta":{"site-sidebar-layout":"no-sidebar","site-content-layout":"","ast-site-content-layout":"full-width-container","site-content-style":"default","site-sidebar-style":"default","ast-global-header-display":"","ast-banner-title-visibility":"","ast-main-header-display":"","ast-hfb-above-header-display":"","ast-hfb-below-header-display":"","ast-hfb-mobile-header-display":"","site-post-title":"disabled","ast-breadcrumbs-content":"","ast-featured-img":"disabled","footer-sml-layout":"","ast-disable-related-posts":"","theme-transparent-header-meta":"","adv-header-id-meta":"","stick-header-meta":"","header-above-stick-meta":"","header-main-stick-meta":"","header-below-stick-meta":"","astra-migrate-meta-layouts":"default","ast-page-background-enabled":"default","ast-page-background-meta":{"desktop":{"background-color":"var(--ast-global-color-5)","background-image":"","background-repeat":"repeat","background-position":"center center","background-size":"auto","background-attachment":"scroll","background-type":"","background-media":"","overlay-type":"","overlay-color":"","overlay-opacity":"","overlay-gradient":""},"tablet":{"background-color":"","background-image":"","background-repeat":"repeat","background-position":"center center","background-size":"auto","background-attachment":"scroll","background-type":"","background-media":"","overlay-type":"","overlay-color":"","overlay-opacity":"","overlay-gradient":""},"mobile":{"background-color":"","background-image":"","background-repeat":"repeat","background-position":"center center","background-size":"auto","background-attachment":"scroll","background-type":"","background-media":"","overlay-type":"","overlay-color":"","overlay-opacity":"","overlay-gradient":""}},"ast-content-background-meta":{"desktop":{"background-color":"var(--ast-global-color-4)","background-image":"","background-repeat":"repeat","background-position":"center center","background-size":"auto","background-attachment":"scroll","background-type":"","background-media":"","overlay-type":"","overlay-color":"","overlay-opacity":"","overlay-gradient":""},"tablet":{"background-color":"var(--ast-global-color-4)","background-image":"","background-repeat":"repeat","background-position":"center center","background-size":"auto","background-attachment":"scroll","background-type":"","background-media":"","overlay-type":"","overlay-color":"","overlay-opacity":"","overlay-gradient":""},"mobile":{"background-color":"var(--ast-global-color-4)","background-image":"","background-repeat":"repeat","background-position":"center center","background-size":"auto","background-attachment":"scroll","background-type":"","background-media":"","overlay-type":"","overlay-color":"","overlay-opacity":"","overlay-gradient":""}},"footnotes":""},"class_list":["post-1507","page","type-page","status-publish","hentry"],"_links":{"self":[{"href":"https:\/\/bouchemaine.hclm49.fr\/index.php?rest_route=\/wp\/v2\/pages\/1507","targetHints":{"allow":["GET"]}}],"collection":[{"href":"https:\/\/bouchemaine.hclm49.fr\/index.php?rest_route=\/wp\/v2\/pages"}],"about":[{"href":"https:\/\/bouchemaine.hclm49.fr\/index.php?rest_route=\/wp\/v2\/types\/page"}],"author":[{"embeddable":true,"href":"https:\/\/bouchemaine.hclm49.fr\/index.php?rest_route=\/wp\/v2\/users\/1"}],"replies":[{"embeddable":true,"href":"https:\/\/bouchemaine.hclm49.fr\/index.php?rest_route=%2Fwp%2Fv2%2Fcomments&post=1507"}],"version-history":[{"count":29,"href":"https:\/\/bouchemaine.hclm49.fr\/index.php?rest_route=\/wp\/v2\/pages\/1507\/revisions"}],"predecessor-version":[{"id":2143,"href":"https:\/\/bouchemaine.hclm49.fr\/index.php?rest_route=\/wp\/v2\/pages\/1507\/revisions\/2143"}],"wp:attachment":[{"href":"https:\/\/bouchemaine.hclm49.fr\/index.php?rest_route=%2Fwp%2Fv2%2Fmedia&parent=1507"}],"curies":[{"name":"wp","href":"https:\/\/api.w.org\/{rel}","templated":true}]}}