{"id":1543,"date":"2026-01-05T15:33:34","date_gmt":"2026-01-05T14:33:34","guid":{"rendered":"https:\/\/bouchemaine.hclm49.fr\/?page_id=1543"},"modified":"2026-02-10T11:16:55","modified_gmt":"2026-02-10T10:16:55","slug":"evenements-civils","status":"publish","type":"page","link":"https:\/\/bouchemaine.hclm49.fr\/?page_id=1543","title":{"rendered":"\u00c9v\u00e8nements civils"},"content":{"rendered":"\t\t<div data-elementor-type=\"wp-page\" data-elementor-id=\"1543\" class=\"elementor elementor-1543\">\n\t\t\t\t<div class=\"elementor-element elementor-element-363e9eb e-con-full e-flex e-con e-parent\" data-id=\"363e9eb\" data-element_type=\"container\" data-e-type=\"container\">\n\t\t\t\t<div class=\"elementor-element elementor-element-650a985 elementor-widget elementor-widget-heading\" data-id=\"650a985\" data-element_type=\"widget\" data-e-type=\"widget\" data-widget_type=\"heading.default\">\n\t\t\t\t<div class=\"elementor-widget-container\">\n\t\t\t\t\t<h2 class=\"elementor-heading-title elementor-size-default\">\u00c9v\u00e8nements civils<\/h2>\t\t\t\t<\/div>\n\t\t\t\t<\/div>\n\t\t\t\t<\/div>\n\t\t<div class=\"elementor-element elementor-element-6a83b0a e-flex e-con-boxed e-con e-parent\" data-id=\"6a83b0a\" data-element_type=\"container\" data-e-type=\"container\">\n\t\t\t\t\t<div class=\"e-con-inner\">\n\t\t<div class=\"elementor-element elementor-element-0f986c7 e-grid e-con-full e-con e-child\" data-id=\"0f986c7\" data-element_type=\"container\" data-e-type=\"container\">\n\t\t<div class=\"elementor-element elementor-element-e648ec7 e-con-full e-flex e-con e-child\" data-id=\"e648ec7\" data-element_type=\"container\" data-e-type=\"container\" data-settings=\"{&quot;background_background&quot;:&quot;classic&quot;}\">\n\t\t\t\t<div class=\"elementor-element elementor-element-c2da4cd elementor-widget elementor-widget-image\" data-id=\"c2da4cd\" data-element_type=\"widget\" data-e-type=\"widget\" data-widget_type=\"image.default\">\n\t\t\t\t<div class=\"elementor-widget-container\">\n\t\t\t\t\t\t\t\t\t\t\t\t\t\t\t<img fetchpriority=\"high\" decoding=\"async\" width=\"352\" height=\"248\" src=\"https:\/\/bouchemaine.hclm49.fr\/wp-content\/uploads\/2026\/01\/epidemies.jpg\" class=\"attachment-large size-large wp-image-1552\" alt=\"\" srcset=\"https:\/\/bouchemaine.hclm49.fr\/wp-content\/uploads\/2026\/01\/epidemies.jpg 352w, https:\/\/bouchemaine.hclm49.fr\/wp-content\/uploads\/2026\/01\/epidemies-300x211.jpg 300w\" sizes=\"(max-width: 352px) 100vw, 352px\" \/>\t\t\t\t\t\t\t\t\t\t\t\t\t\t\t<\/div>\n\t\t\t\t<\/div>\n\t\t\t\t<div class=\"elementor-element elementor-element-b6614eb elementor-widget elementor-widget-heading\" data-id=\"b6614eb\" data-element_type=\"widget\" data-e-type=\"widget\" data-widget_type=\"heading.default\">\n\t\t\t\t<div class=\"elementor-widget-container\">\n\t\t\t\t\t<h2 class=\"elementor-heading-title elementor-size-default\">Les \u00e9pid\u00e9mies<\/h2>\t\t\t\t<\/div>\n\t\t\t\t<\/div>\n\t\t\t\t<div class=\"elementor-element elementor-element-e997547 elementor-widget__width-inherit elementor-widget elementor-widget-text-editor\" data-id=\"e997547\" data-element_type=\"widget\" data-e-type=\"widget\" data-widget_type=\"text-editor.default\">\n\t\t\t\t<div class=\"elementor-widget-container\">\n\t\t\t\t\t\t\t\t\t<p align=\"justify\"><span style=\"font-family: Comic Sans MS, cursive;\">Les \u00e9pid\u00e9mies ont parfois \u00e9prouv\u00e9 les populations. Des r\u00e8gles strictes ont \u00e9t\u00e9 \u00e9dict\u00e9es d\u00e8s 1902 et sont toujours d&rsquo;actualit\u00e9. <\/span><\/p><p align=\"right\"><span style=\"font-family: Comic Sans MS, cursive;\"><strong>Brigitte Courtois (Juin 2021)<\/strong> <\/span><\/p><p align=\"center\"><span style=\"font-family: Comic Sans MS, cursive;\"><a href=\"https:\/\/bouchemaine.hclm49.fr\/wp-content\/uploads\/2026\/02\/epidemies-luttes.pdf\" target=\"_blank\" rel=\"noopener\">Lire le r\u00e9sum\u00e9<\/a> <\/span><\/p>\t\t\t\t\t\t\t\t<\/div>\n\t\t\t\t<\/div>\n\t\t\t\t<\/div>\n\t\t<div class=\"elementor-element elementor-element-b174f69 e-con-full e-flex e-con e-child\" data-id=\"b174f69\" data-element_type=\"container\" data-e-type=\"container\" data-settings=\"{&quot;background_background&quot;:&quot;classic&quot;}\">\n\t\t\t\t<div class=\"elementor-element elementor-element-c5f02f1 elementor-widget elementor-widget-image\" data-id=\"c5f02f1\" data-element_type=\"widget\" data-e-type=\"widget\" data-widget_type=\"image.default\">\n\t\t\t\t<div class=\"elementor-widget-container\">\n\t\t\t\t\t\t\t\t\t\t\t\t\t\t\t<img decoding=\"async\" width=\"1024\" height=\"680\" src=\"https:\/\/bouchemaine.hclm49.fr\/wp-content\/uploads\/2026\/02\/LARRIVEE-EAU-A-PRUNIERS-B-55-Photo-1024x680.jpg\" class=\"attachment-large size-large wp-image-1925\" alt=\"\" srcset=\"https:\/\/bouchemaine.hclm49.fr\/wp-content\/uploads\/2026\/02\/LARRIVEE-EAU-A-PRUNIERS-B-55-Photo-1024x680.jpg 1024w, https:\/\/bouchemaine.hclm49.fr\/wp-content\/uploads\/2026\/02\/LARRIVEE-EAU-A-PRUNIERS-B-55-Photo-300x199.jpg 300w, https:\/\/bouchemaine.hclm49.fr\/wp-content\/uploads\/2026\/02\/LARRIVEE-EAU-A-PRUNIERS-B-55-Photo-768x510.jpg 768w, https:\/\/bouchemaine.hclm49.fr\/wp-content\/uploads\/2026\/02\/LARRIVEE-EAU-A-PRUNIERS-B-55-Photo-1536x1020.jpg 1536w, https:\/\/bouchemaine.hclm49.fr\/wp-content\/uploads\/2026\/02\/LARRIVEE-EAU-A-PRUNIERS-B-55-Photo-2048x1360.jpg 2048w\" sizes=\"(max-width: 1024px) 100vw, 1024px\" \/>\t\t\t\t\t\t\t\t\t\t\t\t\t\t\t<\/div>\n\t\t\t\t<\/div>\n\t\t\t\t<div class=\"elementor-element elementor-element-5615b4f elementor-widget elementor-widget-heading\" data-id=\"5615b4f\" data-element_type=\"widget\" data-e-type=\"widget\" data-widget_type=\"heading.default\">\n\t\t\t\t<div class=\"elementor-widget-container\">\n\t\t\t\t\t<h2 class=\"elementor-heading-title elementor-size-default\">L'Arriv\u00e9e de l'eau \u00e0 Pruniers<\/h2>\t\t\t\t<\/div>\n\t\t\t\t<\/div>\n\t\t\t\t<div class=\"elementor-element elementor-element-fed68df elementor-widget elementor-widget-text-editor\" data-id=\"fed68df\" data-element_type=\"widget\" data-e-type=\"widget\" data-widget_type=\"text-editor.default\">\n\t\t\t\t<div class=\"elementor-widget-container\">\n\t\t\t\t\t\t\t\t\t<p align=\"justify\">L\u2019eau courante est install\u00e9e \u00e0 Pruniers \u00e0 l\u2019automne 1959, alors que le village ne compte que 190 habitants et conserve un caract\u00e8re tr\u00e8s rural. Jusqu\u2019alors, les habitants s\u2019approvisionnent gr\u00e2ce aux puits, largement suffisants pour les usages domestiques quotidiens. L\u2019arriv\u00e9e de l\u2019eau courante suscite donc peu d\u2019enthousiasme : beaucoup rechignent \u00e0 payer pour un service jug\u00e9 superflu et redoutent le gel des canalisations. Malgr\u00e9 ces r\u00e9ticences initiales, l\u2019eau courante constitue la premi\u00e8re \u00e9tape de la transformation du bourg, ouvrant la voie \u00e0 la construction des premiers lotissements.<\/p><p align=\"right\"><b>Ren\u00e9 Abellard et Marie Hladik (mai 2014) <\/b><\/p><p><a href=\"https:\/\/hclm49.fr\/bulletins\/\" target=\"_blank\" rel=\"noopener\">Lire\u00a0 l&rsquo;article complet dans le bulletin HCLM N\u00b055, page38<\/a><\/p>\t\t\t\t\t\t\t\t<\/div>\n\t\t\t\t<\/div>\n\t\t\t\t<\/div>\n\t\t\t\t<\/div>\n\t\t\t\t\t<\/div>\n\t\t\t\t<\/div>\n\t\t\t\t<\/div>\n\t\t","protected":false},"excerpt":{"rendered":"<p>\u00c9v\u00e8nements civils Les \u00e9pid\u00e9mies Les \u00e9pid\u00e9mies ont parfois \u00e9prouv\u00e9 les populations. Des r\u00e8gles strictes ont \u00e9t\u00e9 \u00e9dict\u00e9es d\u00e8s 1902 et sont toujours d&rsquo;actualit\u00e9. Brigitte Courtois (Juin 2021) Lire le r\u00e9sum\u00e9 L&rsquo;Arriv\u00e9e de l&rsquo;eau \u00e0 Pruniers L\u2019eau courante est install\u00e9e \u00e0 Pruniers \u00e0 l\u2019automne 1959, alors que le village ne compte que 190 habitants et conserve [&hellip;]<\/p>\n","protected":false},"author":1,"featured_media":0,"parent":0,"menu_order":0,"comment_status":"closed","ping_status":"closed","template":"","meta":{"site-sidebar-layout":"no-sidebar","site-content-layout":"","ast-site-content-layout":"full-width-container","site-content-style":"default","site-sidebar-style":"default","ast-global-header-display":"","ast-banner-title-visibility":"","ast-main-header-display":"","ast-hfb-above-header-display":"","ast-hfb-below-header-display":"","ast-hfb-mobile-header-display":"","site-post-title":"disabled","ast-breadcrumbs-content":"","ast-featured-img":"disabled","footer-sml-layout":"","ast-disable-related-posts":"","theme-transparent-header-meta":"","adv-header-id-meta":"","stick-header-meta":"","header-above-stick-meta":"","header-main-stick-meta":"","header-below-stick-meta":"","astra-migrate-meta-layouts":"default","ast-page-background-enabled":"default","ast-page-background-meta":{"desktop":{"background-color":"var(--ast-global-color-5)","background-image":"","background-repeat":"repeat","background-position":"center center","background-size":"auto","background-attachment":"scroll","background-type":"","background-media":"","overlay-type":"","overlay-color":"","overlay-opacity":"","overlay-gradient":""},"tablet":{"background-color":"","background-image":"","background-repeat":"repeat","background-position":"center center","background-size":"auto","background-attachment":"scroll","background-type":"","background-media":"","overlay-type":"","overlay-color":"","overlay-opacity":"","overlay-gradient":""},"mobile":{"background-color":"","background-image":"","background-repeat":"repeat","background-position":"center center","background-size":"auto","background-attachment":"scroll","background-type":"","background-media":"","overlay-type":"","overlay-color":"","overlay-opacity":"","overlay-gradient":""}},"ast-content-background-meta":{"desktop":{"background-color":"var(--ast-global-color-4)","background-image":"","background-repeat":"repeat","background-position":"center center","background-size":"auto","background-attachment":"scroll","background-type":"","background-media":"","overlay-type":"","overlay-color":"","overlay-opacity":"","overlay-gradient":""},"tablet":{"background-color":"var(--ast-global-color-4)","background-image":"","background-repeat":"repeat","background-position":"center center","background-size":"auto","background-attachment":"scroll","background-type":"","background-media":"","overlay-type":"","overlay-color":"","overlay-opacity":"","overlay-gradient":""},"mobile":{"background-color":"var(--ast-global-color-4)","background-image":"","background-repeat":"repeat","background-position":"center center","background-size":"auto","background-attachment":"scroll","background-type":"","background-media":"","overlay-type":"","overlay-color":"","overlay-opacity":"","overlay-gradient":""}},"footnotes":""},"class_list":["post-1543","page","type-page","status-publish","hentry"],"_links":{"self":[{"href":"https:\/\/bouchemaine.hclm49.fr\/index.php?rest_route=\/wp\/v2\/pages\/1543","targetHints":{"allow":["GET"]}}],"collection":[{"href":"https:\/\/bouchemaine.hclm49.fr\/index.php?rest_route=\/wp\/v2\/pages"}],"about":[{"href":"https:\/\/bouchemaine.hclm49.fr\/index.php?rest_route=\/wp\/v2\/types\/page"}],"author":[{"embeddable":true,"href":"https:\/\/bouchemaine.hclm49.fr\/index.php?rest_route=\/wp\/v2\/users\/1"}],"replies":[{"embeddable":true,"href":"https:\/\/bouchemaine.hclm49.fr\/index.php?rest_route=%2Fwp%2Fv2%2Fcomments&post=1543"}],"version-history":[{"count":40,"href":"https:\/\/bouchemaine.hclm49.fr\/index.php?rest_route=\/wp\/v2\/pages\/1543\/revisions"}],"predecessor-version":[{"id":2162,"href":"https:\/\/bouchemaine.hclm49.fr\/index.php?rest_route=\/wp\/v2\/pages\/1543\/revisions\/2162"}],"wp:attachment":[{"href":"https:\/\/bouchemaine.hclm49.fr\/index.php?rest_route=%2Fwp%2Fv2%2Fmedia&parent=1543"}],"curies":[{"name":"wp","href":"https:\/\/api.w.org\/{rel}","templated":true}]}}