{"id":1586,"date":"2026-01-06T10:16:13","date_gmt":"2026-01-06T09:16:13","guid":{"rendered":"https:\/\/bouchemaine.hclm49.fr\/?page_id=1586"},"modified":"2026-02-10T11:23:30","modified_gmt":"2026-02-10T10:23:30","slug":"evenements-religieux","status":"publish","type":"page","link":"https:\/\/bouchemaine.hclm49.fr\/?page_id=1586","title":{"rendered":"\u00c9v\u00e8nements religieux"},"content":{"rendered":"\t\t<div data-elementor-type=\"wp-page\" data-elementor-id=\"1586\" class=\"elementor elementor-1586\">\n\t\t\t\t<div class=\"elementor-element elementor-element-85e52cd e-flex e-con-boxed e-con e-parent\" data-id=\"85e52cd\" data-element_type=\"container\" data-e-type=\"container\">\n\t\t\t\t\t<div class=\"e-con-inner\">\n\t\t\t\t<div class=\"elementor-element elementor-element-725ebb0 elementor-widget elementor-widget-heading\" data-id=\"725ebb0\" data-element_type=\"widget\" data-e-type=\"widget\" data-widget_type=\"heading.default\">\n\t\t\t\t<div class=\"elementor-widget-container\">\n\t\t\t\t\t<h2 class=\"elementor-heading-title elementor-size-default\">\u00c9v\u00e8nements religieux\n<\/h2>\t\t\t\t<\/div>\n\t\t\t\t<\/div>\n\t\t\t\t\t<\/div>\n\t\t\t\t<\/div>\n\t\t<div class=\"elementor-element elementor-element-e9d6a50 e-con-full e-flex e-con e-parent\" data-id=\"e9d6a50\" data-element_type=\"container\" data-e-type=\"container\">\n\t\t<div class=\"elementor-element elementor-element-c0139c4 e-grid e-con-full e-con e-child\" data-id=\"c0139c4\" data-element_type=\"container\" data-e-type=\"container\">\n\t\t<div class=\"elementor-element elementor-element-50a74e7 e-con-full e-flex e-con e-child\" data-id=\"50a74e7\" data-element_type=\"container\" data-e-type=\"container\" data-settings=\"{&quot;background_background&quot;:&quot;classic&quot;}\">\n\t\t\t\t<div class=\"elementor-element elementor-element-9c2f14f elementor-widget elementor-widget-image\" data-id=\"9c2f14f\" data-element_type=\"widget\" data-e-type=\"widget\" data-widget_type=\"image.default\">\n\t\t\t\t<div class=\"elementor-widget-container\">\n\t\t\t\t\t\t\t\t\t\t\t\t\t\t\t<img fetchpriority=\"high\" decoding=\"async\" width=\"1024\" height=\"654\" src=\"https:\/\/bouchemaine.hclm49.fr\/wp-content\/uploads\/2026\/01\/Eglise-de-Bouchemaine-interieure-1024x654.jpg\" class=\"attachment-large size-large wp-image-1615\" alt=\"\" srcset=\"https:\/\/bouchemaine.hclm49.fr\/wp-content\/uploads\/2026\/01\/Eglise-de-Bouchemaine-interieure-1024x654.jpg 1024w, https:\/\/bouchemaine.hclm49.fr\/wp-content\/uploads\/2026\/01\/Eglise-de-Bouchemaine-interieure-300x192.jpg 300w, https:\/\/bouchemaine.hclm49.fr\/wp-content\/uploads\/2026\/01\/Eglise-de-Bouchemaine-interieure-768x490.jpg 768w, https:\/\/bouchemaine.hclm49.fr\/wp-content\/uploads\/2026\/01\/Eglise-de-Bouchemaine-interieure-1536x981.jpg 1536w, https:\/\/bouchemaine.hclm49.fr\/wp-content\/uploads\/2026\/01\/Eglise-de-Bouchemaine-interieure-2048x1308.jpg 2048w\" sizes=\"(max-width: 1024px) 100vw, 1024px\" \/>\t\t\t\t\t\t\t\t\t\t\t\t\t\t\t<\/div>\n\t\t\t\t<\/div>\n\t\t\t\t<div class=\"elementor-element elementor-element-1b730dd elementor-widget elementor-widget-heading\" data-id=\"1b730dd\" data-element_type=\"widget\" data-e-type=\"widget\" data-widget_type=\"heading.default\">\n\t\t\t\t<div class=\"elementor-widget-container\">\n\t\t\t\t\t<h2 class=\"elementor-heading-title elementor-size-default\">\u00c0 Bouchemaine, le 5 flor\u00e9al an XI :\nVol avec escalade !<\/h2>\t\t\t\t<\/div>\n\t\t\t\t<\/div>\n\t\t\t\t<div class=\"elementor-element elementor-element-eb2f96b elementor-widget elementor-widget-text-editor\" data-id=\"eb2f96b\" data-element_type=\"widget\" data-e-type=\"widget\" data-widget_type=\"text-editor.default\">\n\t\t\t\t<div class=\"elementor-widget-container\">\n\t\t\t\t\t\t\t\t\t<p><span style=\"font-family: Comic Sans MS, cursive;\"><span style=\"font-size: medium;\">Au printemps 1803, Bouchemaine, en apparence paisible, porte encore les marques de la R\u00e9volution : une \u00e9glise devenue bien national, des habitants m\u00e9fiants. C\u2019est dans ce contexte qu\u2019un vol sacril\u00e8ge, commis \u00e0 l\u2019aube dans l\u2019\u00e9glise paroissiale, vient bouleverser la tranquillit\u00e9 du lieu.<\/span><\/span><\/p><p><b>Marie-Louise Triollet (Juin 2018)<\/b><\/p><p><a href=\"https:\/\/hclm49.fr\/bulletins\/\" target=\"_blank\" rel=\"noopener\">Lire l&rsquo;article dans le bulletin HCLM N\u00b062, pages 34-35<\/a><\/p>\t\t\t\t\t\t\t\t<\/div>\n\t\t\t\t<\/div>\n\t\t\t\t<\/div>\n\t\t<div class=\"elementor-element elementor-element-4a13051 e-con-full e-flex e-con e-child\" data-id=\"4a13051\" data-element_type=\"container\" data-e-type=\"container\" data-settings=\"{&quot;background_background&quot;:&quot;classic&quot;}\">\n\t\t\t\t<div class=\"elementor-element elementor-element-fe63374 elementor-widget__width-initial elementor-widget elementor-widget-image\" data-id=\"fe63374\" data-element_type=\"widget\" data-e-type=\"widget\" data-widget_type=\"image.default\">\n\t\t\t\t<div class=\"elementor-widget-container\">\n\t\t\t\t\t\t\t\t\t\t\t\t\t\t\t<img decoding=\"async\" src=\"https:\/\/bouchemaine.hclm49.fr\/wp-content\/uploads\/elementor\/thumbs\/Photo-vitrail-bouchemaine-scaled-rhb8hoszfhegkxtb1d568svt8oy53uku0g1hxaop48.jpg\" title=\"Photo-vitrail-bouchemaine\" alt=\"Photo-vitrail-bouchemaine\" loading=\"lazy\" \/>\t\t\t\t\t\t\t\t\t\t\t\t\t\t\t<\/div>\n\t\t\t\t<\/div>\n\t\t\t\t<div class=\"elementor-element elementor-element-25803e3 elementor-widget elementor-widget-heading\" data-id=\"25803e3\" data-element_type=\"widget\" data-e-type=\"widget\" data-widget_type=\"heading.default\">\n\t\t\t\t<div class=\"elementor-widget-container\">\n\t\t\t\t\t<h2 class=\"elementor-heading-title elementor-size-default\">Six vitraux sur 10 !... \nToute une histoire<\/h2>\t\t\t\t<\/div>\n\t\t\t\t<\/div>\n\t\t\t\t<div class=\"elementor-element elementor-element-c6691a8 elementor-widget elementor-widget-text-editor\" data-id=\"c6691a8\" data-element_type=\"widget\" data-e-type=\"widget\" data-widget_type=\"text-editor.default\">\n\t\t\t\t<div class=\"elementor-widget-container\">\n\t\t\t\t\t\t\t\t\t<p><span style=\"font-family: Comic Sans MS, cursive;\"><span style=\"font-size: medium;\">Le 8 ao\u00fbt 1944, un obus visant le pont de Bouchemaine touche la sacristie de l\u2019\u00e9glise paroissiale, tuant le cur\u00e9 Thomas et d\u00e9gradant le b\u00e2timent. <\/span><\/span><span style=\"font-family: Comic Sans MS, cursive;\"><span style=\"font-size: medium;\">Les vitraux du XIX\u1d49 si\u00e8cle sont endommag\u00e9s.<\/span><\/span><\/p><p><span style=\"font-family: Comic Sans MS, cursive;\"><span style=\"font-size: medium;\">Une souscription paroissiale permet alors la r\u00e9alisation de six nouveaux vitraux.<\/span><\/span><\/p><p style=\"text-align: left;\" align=\"right\"><span style=\"font-family: Comic Sans MS, cursive;\"><span style=\"font-size: medium;\"><b>Marie-Louise Triollet (Juin 2017)<\/b><\/span><\/span><\/p><p align=\"right\">\u00a0<\/p><p><a href=\"https:\/\/bouchemaine.hclm49.fr\/wp-content\/uploads\/2026\/01\/six-vitraux-sur-dix-resume.pdf\" target=\"_blank\" rel=\"noopener\">Lire un r\u00e9sum\u00e9 de l&rsquo;article<\/a><\/p><div>\u00a0<\/div>\t\t\t\t\t\t\t\t<\/div>\n\t\t\t\t<\/div>\n\t\t\t\t<\/div>\n\t\t\t\t<\/div>\n\t\t\t\t<\/div>\n\t\t\t\t<\/div>\n\t\t","protected":false},"excerpt":{"rendered":"<p>\u00c9v\u00e8nements religieux \u00c0 Bouchemaine, le 5 flor\u00e9al an XI : Vol avec escalade ! Au printemps 1803, Bouchemaine, en apparence paisible, porte encore les marques de la R\u00e9volution : une \u00e9glise devenue bien national, des habitants m\u00e9fiants. C\u2019est dans ce contexte qu\u2019un vol sacril\u00e8ge, commis \u00e0 l\u2019aube dans l\u2019\u00e9glise paroissiale, vient bouleverser la tranquillit\u00e9 du [&hellip;]<\/p>\n","protected":false},"author":1,"featured_media":0,"parent":0,"menu_order":0,"comment_status":"closed","ping_status":"closed","template":"","meta":{"site-sidebar-layout":"no-sidebar","site-content-layout":"","ast-site-content-layout":"full-width-container","site-content-style":"default","site-sidebar-style":"default","ast-global-header-display":"","ast-banner-title-visibility":"","ast-main-header-display":"","ast-hfb-above-header-display":"","ast-hfb-below-header-display":"","ast-hfb-mobile-header-display":"","site-post-title":"disabled","ast-breadcrumbs-content":"","ast-featured-img":"disabled","footer-sml-layout":"","ast-disable-related-posts":"","theme-transparent-header-meta":"","adv-header-id-meta":"","stick-header-meta":"","header-above-stick-meta":"","header-main-stick-meta":"","header-below-stick-meta":"","astra-migrate-meta-layouts":"default","ast-page-background-enabled":"default","ast-page-background-meta":{"desktop":{"background-color":"var(--ast-global-color-5)","background-image":"","background-repeat":"repeat","background-position":"center center","background-size":"auto","background-attachment":"scroll","background-type":"","background-media":"","overlay-type":"","overlay-color":"","overlay-opacity":"","overlay-gradient":""},"tablet":{"background-color":"","background-image":"","background-repeat":"repeat","background-position":"center center","background-size":"auto","background-attachment":"scroll","background-type":"","background-media":"","overlay-type":"","overlay-color":"","overlay-opacity":"","overlay-gradient":""},"mobile":{"background-color":"","background-image":"","background-repeat":"repeat","background-position":"center center","background-size":"auto","background-attachment":"scroll","background-type":"","background-media":"","overlay-type":"","overlay-color":"","overlay-opacity":"","overlay-gradient":""}},"ast-content-background-meta":{"desktop":{"background-color":"var(--ast-global-color-4)","background-image":"","background-repeat":"repeat","background-position":"center center","background-size":"auto","background-attachment":"scroll","background-type":"","background-media":"","overlay-type":"","overlay-color":"","overlay-opacity":"","overlay-gradient":""},"tablet":{"background-color":"var(--ast-global-color-4)","background-image":"","background-repeat":"repeat","background-position":"center center","background-size":"auto","background-attachment":"scroll","background-type":"","background-media":"","overlay-type":"","overlay-color":"","overlay-opacity":"","overlay-gradient":""},"mobile":{"background-color":"var(--ast-global-color-4)","background-image":"","background-repeat":"repeat","background-position":"center center","background-size":"auto","background-attachment":"scroll","background-type":"","background-media":"","overlay-type":"","overlay-color":"","overlay-opacity":"","overlay-gradient":""}},"footnotes":""},"class_list":["post-1586","page","type-page","status-publish","hentry"],"_links":{"self":[{"href":"https:\/\/bouchemaine.hclm49.fr\/index.php?rest_route=\/wp\/v2\/pages\/1586","targetHints":{"allow":["GET"]}}],"collection":[{"href":"https:\/\/bouchemaine.hclm49.fr\/index.php?rest_route=\/wp\/v2\/pages"}],"about":[{"href":"https:\/\/bouchemaine.hclm49.fr\/index.php?rest_route=\/wp\/v2\/types\/page"}],"author":[{"embeddable":true,"href":"https:\/\/bouchemaine.hclm49.fr\/index.php?rest_route=\/wp\/v2\/users\/1"}],"replies":[{"embeddable":true,"href":"https:\/\/bouchemaine.hclm49.fr\/index.php?rest_route=%2Fwp%2Fv2%2Fcomments&post=1586"}],"version-history":[{"count":46,"href":"https:\/\/bouchemaine.hclm49.fr\/index.php?rest_route=\/wp\/v2\/pages\/1586\/revisions"}],"predecessor-version":[{"id":2168,"href":"https:\/\/bouchemaine.hclm49.fr\/index.php?rest_route=\/wp\/v2\/pages\/1586\/revisions\/2168"}],"wp:attachment":[{"href":"https:\/\/bouchemaine.hclm49.fr\/index.php?rest_route=%2Fwp%2Fv2%2Fmedia&parent=1586"}],"curies":[{"name":"wp","href":"https:\/\/api.w.org\/{rel}","templated":true}]}}