{"id":1677,"date":"2026-01-06T19:18:14","date_gmt":"2026-01-06T18:18:14","guid":{"rendered":"https:\/\/bouchemaine.hclm49.fr\/?page_id=1677"},"modified":"2026-01-07T10:55:53","modified_gmt":"2026-01-07T09:55:53","slug":"education","status":"publish","type":"page","link":"https:\/\/bouchemaine.hclm49.fr\/?page_id=1677","title":{"rendered":"Education"},"content":{"rendered":"\t\t<div data-elementor-type=\"wp-page\" data-elementor-id=\"1677\" class=\"elementor elementor-1677\">\n\t\t\t\t<div class=\"elementor-element elementor-element-797f990 e-con-full e-flex e-con e-parent\" data-id=\"797f990\" data-element_type=\"container\" data-e-type=\"container\">\n\t\t\t\t<div class=\"elementor-element elementor-element-c23bd46 elementor-widget elementor-widget-heading\" data-id=\"c23bd46\" data-element_type=\"widget\" data-e-type=\"widget\" data-widget_type=\"heading.default\">\n\t\t\t\t<div class=\"elementor-widget-container\">\n\t\t\t\t\t<h2 class=\"elementor-heading-title elementor-size-default\">Education<\/h2>\t\t\t\t<\/div>\n\t\t\t\t<\/div>\n\t\t\t\t<\/div>\n\t\t<div class=\"elementor-element elementor-element-08266d6 e-flex e-con-boxed e-con e-parent\" data-id=\"08266d6\" data-element_type=\"container\" data-e-type=\"container\">\n\t\t\t\t\t<div class=\"e-con-inner\">\n\t\t<div class=\"elementor-element elementor-element-125793f e-grid e-con-full e-con e-child\" data-id=\"125793f\" data-element_type=\"container\" data-e-type=\"container\">\n\t\t<div class=\"elementor-element elementor-element-bb0a364 e-con-full e-flex e-con e-child\" data-id=\"bb0a364\" data-element_type=\"container\" data-e-type=\"container\" data-settings=\"{&quot;background_background&quot;:&quot;classic&quot;}\">\n\t\t\t\t<div class=\"elementor-element elementor-element-9b2e027 elementor-widget elementor-widget-image\" data-id=\"9b2e027\" data-element_type=\"widget\" data-e-type=\"widget\" data-widget_type=\"image.default\">\n\t\t\t\t<div class=\"elementor-widget-container\">\n\t\t\t\t\t\t\t\t\t\t\t\t\t\t\t<img fetchpriority=\"high\" decoding=\"async\" width=\"274\" height=\"300\" src=\"https:\/\/bouchemaine.hclm49.fr\/wp-content\/uploads\/2026\/01\/ecole-prunier-journal-274x300.jpg\" class=\"attachment-medium size-medium wp-image-1682\" alt=\"\" srcset=\"https:\/\/bouchemaine.hclm49.fr\/wp-content\/uploads\/2026\/01\/ecole-prunier-journal-274x300.jpg 274w, https:\/\/bouchemaine.hclm49.fr\/wp-content\/uploads\/2026\/01\/ecole-prunier-journal.jpg 571w\" sizes=\"(max-width: 274px) 100vw, 274px\" \/>\t\t\t\t\t\t\t\t\t\t\t\t\t\t\t<\/div>\n\t\t\t\t<\/div>\n\t\t\t\t<div class=\"elementor-element elementor-element-e8d659b elementor-widget elementor-widget-heading\" data-id=\"e8d659b\" data-element_type=\"widget\" data-e-type=\"widget\" data-widget_type=\"heading.default\">\n\t\t\t\t<div class=\"elementor-widget-container\">\n\t\t\t\t\t<h2 class=\"elementor-heading-title elementor-size-default\">LES PREMI\u00c8RES \u00c9COLES \u00c0 PRUNIERS, BOUCHEMAINE<\/h2>\t\t\t\t<\/div>\n\t\t\t\t<\/div>\n\t\t\t\t<div class=\"elementor-element elementor-element-f3914d0 elementor-widget elementor-widget-text-editor\" data-id=\"f3914d0\" data-element_type=\"widget\" data-e-type=\"widget\" data-widget_type=\"text-editor.default\">\n\t\t\t\t<div class=\"elementor-widget-container\">\n\t\t\t\t\t\t\t\t\t<p><span style=\"font-family: Comic Sans MS, cursive;\"><span style=\"font-size: medium;\">Au XIX\u1d49 si\u00e8cle, la g\u00e9n\u00e9ralisation de l\u2019instruction s\u2019impose en France avec les lois Guizot (1833), Falloux (1850) puis Jules Ferry (1881-1882). \u00c0 Bouchemaine, comme ailleurs, ces r\u00e9formes entra\u00eenent la cr\u00e9ation et l\u2019\u00e9volution des \u00e9coles, dans un contexte de fortes tensions entre enseignement confessionnel et \u00e9cole r\u00e9publicaine.<\/span><\/span><\/p><div><a href=\"https:\/\/bouchemaine.hclm49.fr\/wp-content\/uploads\/2026\/01\/Premieres-ecoles-pruniers-Resume.pdf\" target=\"_blank\" rel=\"noopener\">Pour en savoir plus<\/a><\/div><div>\u00a0<\/div>\t\t\t\t\t\t\t\t<\/div>\n\t\t\t\t<\/div>\n\t\t\t\t<\/div>\n\t\t\t\t<\/div>\n\t\t\t\t\t<\/div>\n\t\t\t\t<\/div>\n\t\t\t\t<\/div>\n\t\t","protected":false},"excerpt":{"rendered":"<p>Education LES PREMI\u00c8RES \u00c9COLES \u00c0 PRUNIERS, BOUCHEMAINE Au XIX\u1d49 si\u00e8cle, la g\u00e9n\u00e9ralisation de l\u2019instruction s\u2019impose en France avec les lois Guizot (1833), Falloux (1850) puis Jules Ferry (1881-1882). \u00c0 Bouchemaine, comme ailleurs, ces r\u00e9formes entra\u00eenent la cr\u00e9ation et l\u2019\u00e9volution des \u00e9coles, dans un contexte de fortes tensions entre enseignement confessionnel et \u00e9cole r\u00e9publicaine. Pour en [&hellip;]<\/p>\n","protected":false},"author":1,"featured_media":0,"parent":0,"menu_order":0,"comment_status":"closed","ping_status":"closed","template":"","meta":{"site-sidebar-layout":"no-sidebar","site-content-layout":"","ast-site-content-layout":"full-width-container","site-content-style":"default","site-sidebar-style":"default","ast-global-header-display":"","ast-banner-title-visibility":"","ast-main-header-display":"","ast-hfb-above-header-display":"","ast-hfb-below-header-display":"","ast-hfb-mobile-header-display":"","site-post-title":"disabled","ast-breadcrumbs-content":"","ast-featured-img":"disabled","footer-sml-layout":"","ast-disable-related-posts":"","theme-transparent-header-meta":"","adv-header-id-meta":"","stick-header-meta":"","header-above-stick-meta":"","header-main-stick-meta":"","header-below-stick-meta":"","astra-migrate-meta-layouts":"default","ast-page-background-enabled":"default","ast-page-background-meta":{"desktop":{"background-color":"var(--ast-global-color-5)","background-image":"","background-repeat":"repeat","background-position":"center center","background-size":"auto","background-attachment":"scroll","background-type":"","background-media":"","overlay-type":"","overlay-color":"","overlay-opacity":"","overlay-gradient":""},"tablet":{"background-color":"","background-image":"","background-repeat":"repeat","background-position":"center center","background-size":"auto","background-attachment":"scroll","background-type":"","background-media":"","overlay-type":"","overlay-color":"","overlay-opacity":"","overlay-gradient":""},"mobile":{"background-color":"","background-image":"","background-repeat":"repeat","background-position":"center center","background-size":"auto","background-attachment":"scroll","background-type":"","background-media":"","overlay-type":"","overlay-color":"","overlay-opacity":"","overlay-gradient":""}},"ast-content-background-meta":{"desktop":{"background-color":"var(--ast-global-color-4)","background-image":"","background-repeat":"repeat","background-position":"center center","background-size":"auto","background-attachment":"scroll","background-type":"","background-media":"","overlay-type":"","overlay-color":"","overlay-opacity":"","overlay-gradient":""},"tablet":{"background-color":"var(--ast-global-color-4)","background-image":"","background-repeat":"repeat","background-position":"center center","background-size":"auto","background-attachment":"scroll","background-type":"","background-media":"","overlay-type":"","overlay-color":"","overlay-opacity":"","overlay-gradient":""},"mobile":{"background-color":"var(--ast-global-color-4)","background-image":"","background-repeat":"repeat","background-position":"center center","background-size":"auto","background-attachment":"scroll","background-type":"","background-media":"","overlay-type":"","overlay-color":"","overlay-opacity":"","overlay-gradient":""}},"footnotes":""},"class_list":["post-1677","page","type-page","status-publish","hentry"],"_links":{"self":[{"href":"https:\/\/bouchemaine.hclm49.fr\/index.php?rest_route=\/wp\/v2\/pages\/1677","targetHints":{"allow":["GET"]}}],"collection":[{"href":"https:\/\/bouchemaine.hclm49.fr\/index.php?rest_route=\/wp\/v2\/pages"}],"about":[{"href":"https:\/\/bouchemaine.hclm49.fr\/index.php?rest_route=\/wp\/v2\/types\/page"}],"author":[{"embeddable":true,"href":"https:\/\/bouchemaine.hclm49.fr\/index.php?rest_route=\/wp\/v2\/users\/1"}],"replies":[{"embeddable":true,"href":"https:\/\/bouchemaine.hclm49.fr\/index.php?rest_route=%2Fwp%2Fv2%2Fcomments&post=1677"}],"version-history":[{"count":22,"href":"https:\/\/bouchemaine.hclm49.fr\/index.php?rest_route=\/wp\/v2\/pages\/1677\/revisions"}],"predecessor-version":[{"id":1706,"href":"https:\/\/bouchemaine.hclm49.fr\/index.php?rest_route=\/wp\/v2\/pages\/1677\/revisions\/1706"}],"wp:attachment":[{"href":"https:\/\/bouchemaine.hclm49.fr\/index.php?rest_route=%2Fwp%2Fv2%2Fmedia&parent=1677"}],"curies":[{"name":"wp","href":"https:\/\/api.w.org\/{rel}","templated":true}]}}