{"id":1718,"date":"2026-01-07T15:53:04","date_gmt":"2026-01-07T14:53:04","guid":{"rendered":"https:\/\/bouchemaine.hclm49.fr\/?page_id=1718"},"modified":"2026-02-06T14:38:26","modified_gmt":"2026-02-06T13:38:26","slug":"evenements-militaires","status":"publish","type":"page","link":"https:\/\/bouchemaine.hclm49.fr\/?page_id=1718","title":{"rendered":"\u00c9v\u00e8nements militaires"},"content":{"rendered":"\t\t<div data-elementor-type=\"wp-page\" data-elementor-id=\"1718\" class=\"elementor elementor-1718\">\n\t\t\t\t<div class=\"elementor-element elementor-element-363e9eb e-con-full e-flex e-con e-parent\" data-id=\"363e9eb\" data-element_type=\"container\" data-e-type=\"container\">\n\t\t\t\t<div class=\"elementor-element elementor-element-650a985 elementor-widget elementor-widget-heading\" data-id=\"650a985\" data-element_type=\"widget\" data-e-type=\"widget\" data-widget_type=\"heading.default\">\n\t\t\t\t<div class=\"elementor-widget-container\">\n\t\t\t\t\t<h2 class=\"elementor-heading-title elementor-size-default\">\u00c9v\u00e8nements militaires<\/h2>\t\t\t\t<\/div>\n\t\t\t\t<\/div>\n\t\t\t\t<\/div>\n\t\t<div class=\"elementor-element elementor-element-6a83b0a e-flex e-con-boxed e-con e-parent\" data-id=\"6a83b0a\" data-element_type=\"container\" data-e-type=\"container\">\n\t\t\t\t\t<div class=\"e-con-inner\">\n\t\t<div class=\"elementor-element elementor-element-0f986c7 e-grid e-con-full e-con e-child\" data-id=\"0f986c7\" data-element_type=\"container\" data-e-type=\"container\">\n\t\t<div class=\"elementor-element elementor-element-e648ec7 e-con-full e-flex e-con e-child\" data-id=\"e648ec7\" data-element_type=\"container\" data-e-type=\"container\" data-settings=\"{&quot;background_background&quot;:&quot;classic&quot;}\">\n\t\t\t\t<div class=\"elementor-element elementor-element-c2da4cd elementor-widget elementor-widget-image\" data-id=\"c2da4cd\" data-element_type=\"widget\" data-e-type=\"widget\" data-widget_type=\"image.default\">\n\t\t\t\t<div class=\"elementor-widget-container\">\n\t\t\t\t\t\t\t\t\t\t\t\t\t\t\t<img fetchpriority=\"high\" decoding=\"async\" width=\"1024\" height=\"792\" src=\"https:\/\/bouchemaine.hclm49.fr\/wp-content\/uploads\/2026\/01\/Bon-pour-le-service-02-1024x792.jpg\" class=\"attachment-large size-large wp-image-1716\" alt=\"\" srcset=\"https:\/\/bouchemaine.hclm49.fr\/wp-content\/uploads\/2026\/01\/Bon-pour-le-service-02-1024x792.jpg 1024w, https:\/\/bouchemaine.hclm49.fr\/wp-content\/uploads\/2026\/01\/Bon-pour-le-service-02-300x232.jpg 300w, https:\/\/bouchemaine.hclm49.fr\/wp-content\/uploads\/2026\/01\/Bon-pour-le-service-02-768x594.jpg 768w, https:\/\/bouchemaine.hclm49.fr\/wp-content\/uploads\/2026\/01\/Bon-pour-le-service-02-1536x1188.jpg 1536w, https:\/\/bouchemaine.hclm49.fr\/wp-content\/uploads\/2026\/01\/Bon-pour-le-service-02.jpg 1890w\" sizes=\"(max-width: 1024px) 100vw, 1024px\" \/>\t\t\t\t\t\t\t\t\t\t\t\t\t\t\t<\/div>\n\t\t\t\t<\/div>\n\t\t\t\t<div class=\"elementor-element elementor-element-b6614eb elementor-widget elementor-widget-heading\" data-id=\"b6614eb\" data-element_type=\"widget\" data-e-type=\"widget\" data-widget_type=\"heading.default\">\n\t\t\t\t<div class=\"elementor-widget-container\">\n\t\t\t\t\t<h2 class=\"elementor-heading-title elementor-size-default\">\u00abAux armes, citoyens !\u00bb<\/h2>\t\t\t\t<\/div>\n\t\t\t\t<\/div>\n\t\t\t\t<div class=\"elementor-element elementor-element-e997547 elementor-widget elementor-widget-text-editor\" data-id=\"e997547\" data-element_type=\"widget\" data-e-type=\"widget\" data-widget_type=\"text-editor.default\">\n\t\t\t\t<div class=\"elementor-widget-container\">\n\t\t\t\t\t\t\t\t\t<p align=\"justify\"><span style=\"font-family: Comic Sans MS, cursive;\"><span style=\"font-size: medium;\">La conscription obligatoire est instaur\u00e9e en 1798.\u00a0 Au cours du 19\u00e8me si\u00e8cle le service militaire conna\u00eet nombre d&rsquo;\u00e9volutions. Qu&rsquo;en est-il \u00e0 Bouchemaine ?<\/span><\/span><\/p><p><strong>M.Hladik et B.Courtois<\/strong><\/p><p><a href=\"https:\/\/bouchemaine.hclm49.fr\/wp-content\/uploads\/2026\/01\/aux-armes-citoyens-Resume.pdf\" target=\"_blank\" rel=\"noopener\">Lire un r\u00e9sum\u00e9 de l&rsquo;article<\/a><\/p>\t\t\t\t\t\t\t\t<\/div>\n\t\t\t\t<\/div>\n\t\t\t\t<\/div>\n\t\t<div class=\"elementor-element elementor-element-c16d0a9 e-con-full e-flex e-con e-child\" data-id=\"c16d0a9\" data-element_type=\"container\" data-e-type=\"container\" data-settings=\"{&quot;background_background&quot;:&quot;classic&quot;}\">\n\t\t\t\t<div class=\"elementor-element elementor-element-5532dae elementor-widget elementor-widget-image\" data-id=\"5532dae\" data-element_type=\"widget\" data-e-type=\"widget\" data-widget_type=\"image.default\">\n\t\t\t\t<div class=\"elementor-widget-container\">\n\t\t\t\t\t\t\t\t\t\t\t\t\t\t\t<img decoding=\"async\" width=\"636\" height=\"434\" src=\"https:\/\/bouchemaine.hclm49.fr\/wp-content\/uploads\/2026\/01\/pont-SNCF-Bouchemaine-1944.jpg\" class=\"attachment-large size-large wp-image-1799\" alt=\"\" srcset=\"https:\/\/bouchemaine.hclm49.fr\/wp-content\/uploads\/2026\/01\/pont-SNCF-Bouchemaine-1944.jpg 636w, https:\/\/bouchemaine.hclm49.fr\/wp-content\/uploads\/2026\/01\/pont-SNCF-Bouchemaine-1944-300x205.jpg 300w\" sizes=\"(max-width: 636px) 100vw, 636px\" \/>\t\t\t\t\t\t\t\t\t\t\t\t\t\t\t<\/div>\n\t\t\t\t<\/div>\n\t\t\t\t<div class=\"elementor-element elementor-element-6ef9c50 elementor-widget elementor-widget-heading\" data-id=\"6ef9c50\" data-element_type=\"widget\" data-e-type=\"widget\" data-widget_type=\"heading.default\">\n\t\t\t\t<div class=\"elementor-widget-container\">\n\t\t\t\t\t<h2 class=\"elementor-heading-title elementor-size-default\">\nBouchemaine, la seconde guerre mondiale vue par 4 enfants<\/h2>\t\t\t\t<\/div>\n\t\t\t\t<\/div>\n\t\t\t\t<div class=\"elementor-element elementor-element-95424f2 elementor-widget elementor-widget-text-editor\" data-id=\"95424f2\" data-element_type=\"widget\" data-e-type=\"widget\" data-widget_type=\"text-editor.default\">\n\t\t\t\t<div class=\"elementor-widget-container\">\n\t\t\t\t\t\t\t\t\t<p><span style=\"font-family: Comic Sans MS, cursive;\"><span style=\"font-size: medium;\">Le r\u00e9cit s\u2019appuie sur les t\u00e9moignages de quatre enfants, aux \u00e2ges et aux parcours vari\u00e9s, qui ont v\u00e9cu ces \u00e9v\u00e9nements de l\u2019int\u00e9rieur. Ils relatent ce qu\u2019ils ont vu, entendu et ressenti.<\/span><\/span><\/p><p><strong>M.Hladik et B.Courtois<\/strong><\/p><p><a href=\"https:\/\/bouchemaine.hclm49.fr\/wp-content\/uploads\/2026\/01\/Seconde-guerre-vue-4enfants-Resume-1.pdf\" target=\"_blank\" rel=\"noopener\">Lire un r\u00e9sum\u00e9 de l&rsquo;article<\/a><\/p>\t\t\t\t\t\t\t\t<\/div>\n\t\t\t\t<\/div>\n\t\t\t\t<\/div>\n\t\t\t\t<\/div>\n\t\t\t\t\t<\/div>\n\t\t\t\t<\/div>\n\t\t\t\t<\/div>\n\t\t","protected":false},"excerpt":{"rendered":"<p>\u00c9v\u00e8nements militaires \u00abAux armes, citoyens !\u00bb La conscription obligatoire est instaur\u00e9e en 1798.\u00a0 Au cours du 19\u00e8me si\u00e8cle le service militaire conna\u00eet nombre d&rsquo;\u00e9volutions. Qu&rsquo;en est-il \u00e0 Bouchemaine ? M.Hladik et B.Courtois Lire un r\u00e9sum\u00e9 de l&rsquo;article Bouchemaine, la seconde guerre mondiale vue par 4 enfants Le r\u00e9cit s\u2019appuie sur les t\u00e9moignages de quatre enfants, [&hellip;]<\/p>\n","protected":false},"author":1,"featured_media":0,"parent":0,"menu_order":0,"comment_status":"closed","ping_status":"closed","template":"","meta":{"site-sidebar-layout":"no-sidebar","site-content-layout":"","ast-site-content-layout":"full-width-container","site-content-style":"default","site-sidebar-style":"default","ast-global-header-display":"","ast-banner-title-visibility":"","ast-main-header-display":"","ast-hfb-above-header-display":"","ast-hfb-below-header-display":"","ast-hfb-mobile-header-display":"","site-post-title":"disabled","ast-breadcrumbs-content":"","ast-featured-img":"disabled","footer-sml-layout":"","ast-disable-related-posts":"","theme-transparent-header-meta":"","adv-header-id-meta":"","stick-header-meta":"","header-above-stick-meta":"","header-main-stick-meta":"","header-below-stick-meta":"","astra-migrate-meta-layouts":"default","ast-page-background-enabled":"default","ast-page-background-meta":{"desktop":{"background-color":"var(--ast-global-color-5)","background-image":"","background-repeat":"repeat","background-position":"center center","background-size":"auto","background-attachment":"scroll","background-type":"","background-media":"","overlay-type":"","overlay-color":"","overlay-opacity":"","overlay-gradient":""},"tablet":{"background-color":"","background-image":"","background-repeat":"repeat","background-position":"center center","background-size":"auto","background-attachment":"scroll","background-type":"","background-media":"","overlay-type":"","overlay-color":"","overlay-opacity":"","overlay-gradient":""},"mobile":{"background-color":"","background-image":"","background-repeat":"repeat","background-position":"center center","background-size":"auto","background-attachment":"scroll","background-type":"","background-media":"","overlay-type":"","overlay-color":"","overlay-opacity":"","overlay-gradient":""}},"ast-content-background-meta":{"desktop":{"background-color":"var(--ast-global-color-4)","background-image":"","background-repeat":"repeat","background-position":"center center","background-size":"auto","background-attachment":"scroll","background-type":"","background-media":"","overlay-type":"","overlay-color":"","overlay-opacity":"","overlay-gradient":""},"tablet":{"background-color":"var(--ast-global-color-4)","background-image":"","background-repeat":"repeat","background-position":"center center","background-size":"auto","background-attachment":"scroll","background-type":"","background-media":"","overlay-type":"","overlay-color":"","overlay-opacity":"","overlay-gradient":""},"mobile":{"background-color":"var(--ast-global-color-4)","background-image":"","background-repeat":"repeat","background-position":"center center","background-size":"auto","background-attachment":"scroll","background-type":"","background-media":"","overlay-type":"","overlay-color":"","overlay-opacity":"","overlay-gradient":""}},"footnotes":""},"class_list":["post-1718","page","type-page","status-publish","hentry"],"_links":{"self":[{"href":"https:\/\/bouchemaine.hclm49.fr\/index.php?rest_route=\/wp\/v2\/pages\/1718","targetHints":{"allow":["GET"]}}],"collection":[{"href":"https:\/\/bouchemaine.hclm49.fr\/index.php?rest_route=\/wp\/v2\/pages"}],"about":[{"href":"https:\/\/bouchemaine.hclm49.fr\/index.php?rest_route=\/wp\/v2\/types\/page"}],"author":[{"embeddable":true,"href":"https:\/\/bouchemaine.hclm49.fr\/index.php?rest_route=\/wp\/v2\/users\/1"}],"replies":[{"embeddable":true,"href":"https:\/\/bouchemaine.hclm49.fr\/index.php?rest_route=%2Fwp%2Fv2%2Fcomments&post=1718"}],"version-history":[{"count":31,"href":"https:\/\/bouchemaine.hclm49.fr\/index.php?rest_route=\/wp\/v2\/pages\/1718\/revisions"}],"predecessor-version":[{"id":1893,"href":"https:\/\/bouchemaine.hclm49.fr\/index.php?rest_route=\/wp\/v2\/pages\/1718\/revisions\/1893"}],"wp:attachment":[{"href":"https:\/\/bouchemaine.hclm49.fr\/index.php?rest_route=%2Fwp%2Fv2%2Fmedia&parent=1718"}],"curies":[{"name":"wp","href":"https:\/\/api.w.org\/{rel}","templated":true}]}}