{"id":889,"date":"2025-09-16T09:36:58","date_gmt":"2025-09-16T07:36:58","guid":{"rendered":"https:\/\/bouchemaine.hclm49.fr\/?page_id=889"},"modified":"2026-03-09T18:41:50","modified_gmt":"2026-03-09T17:41:50","slug":"sites-amenages","status":"publish","type":"page","link":"https:\/\/bouchemaine.hclm49.fr\/?page_id=889","title":{"rendered":"Sites  am\u00e9nag\u00e9s"},"content":{"rendered":"\t\t<div data-elementor-type=\"wp-page\" data-elementor-id=\"889\" class=\"elementor elementor-889\">\n\t\t\t\t<div class=\"elementor-element elementor-element-1c3744f e-con-full e-flex e-con e-parent\" data-id=\"1c3744f\" data-element_type=\"container\" data-e-type=\"container\" data-settings=\"{&quot;background_background&quot;:&quot;classic&quot;}\">\n\t\t\t\t<div class=\"elementor-element elementor-element-f18b954 elementor-widget elementor-widget-heading\" data-id=\"f18b954\" data-element_type=\"widget\" data-e-type=\"widget\" data-widget_type=\"heading.default\">\n\t\t\t\t<div class=\"elementor-widget-container\">\n\t\t\t\t\t<h2 class=\"elementor-heading-title elementor-size-default\">Sites am\u00e9nag\u00e9s<\/h2>\t\t\t\t<\/div>\n\t\t\t\t<\/div>\n\t\t\t\t<div class=\"elementor-element elementor-element-cc719e4 elementor-widget elementor-widget-text-editor\" data-id=\"cc719e4\" data-element_type=\"widget\" data-e-type=\"widget\" data-widget_type=\"text-editor.default\">\n\t\t\t\t<div class=\"elementor-widget-container\">\n\t\t\t\t\t\t\t\t\t<p>D\u00e9couvrez les sites remarquables de Bouchemaine, t\u00e9moins de l&rsquo;histoire de la commune.<\/p>\t\t\t\t\t\t\t\t<\/div>\n\t\t\t\t<\/div>\n\t\t\t\t<\/div>\n\t\t<div class=\"elementor-element elementor-element-19c8866 e-con-full e-flex e-con e-parent\" data-id=\"19c8866\" data-element_type=\"container\" data-e-type=\"container\" data-settings=\"{&quot;background_background&quot;:&quot;classic&quot;}\">\n\t\t<div class=\"elementor-element elementor-element-66d7733 e-grid e-con-full e-con e-child\" data-id=\"66d7733\" data-element_type=\"container\" data-e-type=\"container\">\n\t\t<div class=\"elementor-element elementor-element-43f1812 e-con-full e-flex e-con e-child\" data-id=\"43f1812\" data-element_type=\"container\" data-e-type=\"container\" data-settings=\"{&quot;background_background&quot;:&quot;classic&quot;}\">\n\t\t<div class=\"elementor-element elementor-element-774a55d e-con-full lieu-container e-flex e-con e-child\" data-id=\"774a55d\" data-element_type=\"container\" data-e-type=\"container\">\n\t\t\t\t<div class=\"elementor-element elementor-element-815fea0 image-lieu elementor-widget elementor-widget-image\" data-id=\"815fea0\" data-element_type=\"widget\" data-e-type=\"widget\" data-widget_type=\"image.default\">\n\t\t\t\t<div class=\"elementor-widget-container\">\n\t\t\t\t\t\t\t\t\t\t\t\t\t\t\t\t<a href=\"https:\/\/bouchemaine.hclm49.fr\/wp-content\/uploads\/2025\/06\/09_La-Pointe.pdf\" target=\"_blank\">\n\t\t\t\t\t\t\t<img fetchpriority=\"high\" decoding=\"async\" width=\"1024\" height=\"768\" src=\"https:\/\/bouchemaine.hclm49.fr\/wp-content\/uploads\/2025\/06\/01-La-pointe-1024x768.jpg\" class=\"attachment-large size-large wp-image-469\" alt=\"Bouchemaine, la Pointe\" srcset=\"https:\/\/bouchemaine.hclm49.fr\/wp-content\/uploads\/2025\/06\/01-La-pointe-1024x768.jpg 1024w, https:\/\/bouchemaine.hclm49.fr\/wp-content\/uploads\/2025\/06\/01-La-pointe-300x225.jpg 300w, https:\/\/bouchemaine.hclm49.fr\/wp-content\/uploads\/2025\/06\/01-La-pointe-768x576.jpg 768w, https:\/\/bouchemaine.hclm49.fr\/wp-content\/uploads\/2025\/06\/01-La-pointe-1536x1152.jpg 1536w, https:\/\/bouchemaine.hclm49.fr\/wp-content\/uploads\/2025\/06\/01-La-pointe-2048x1536.jpg 2048w\" sizes=\"(max-width: 1024px) 100vw, 1024px\" \/>\t\t\t\t\t\t\t\t<\/a>\n\t\t\t\t\t\t\t\t\t\t\t\t\t\t\t<\/div>\n\t\t\t\t<\/div>\n\t\t\t\t<\/div>\n\t\t\t\t<div class=\"elementor-element elementor-element-7aa4114 elementor-widget elementor-widget-heading\" data-id=\"7aa4114\" data-element_type=\"widget\" data-e-type=\"widget\" data-widget_type=\"heading.default\">\n\t\t\t\t<div class=\"elementor-widget-container\">\n\t\t\t\t\t<h4 class=\"elementor-heading-title elementor-size-default\">La Pointe, paysage lig\u00e9rien<\/h4>\t\t\t\t<\/div>\n\t\t\t\t<\/div>\n\t\t\t\t<div class=\"elementor-element elementor-element-fab190e elementor-widget elementor-widget-text-editor\" data-id=\"fab190e\" data-element_type=\"widget\" data-e-type=\"widget\" data-widget_type=\"text-editor.default\">\n\t\t\t\t<div class=\"elementor-widget-container\">\n\t\t\t\t\t\t\t\t\t<p>Ruzebouc, devenu La Pointe au XVII\u00e8me si\u00e8cle, situ\u00e9 \u00e0 la confluence de la Maine et de la Loire, est devenu rapidement le lieu de vill\u00e9giature\u00a0 \u00a0des aristocrates puis des notables. qui y ont laiss\u00e9 de belles maisons au milieu de parcs arbor\u00e9s.<\/p><p style=\"text-align: center;\">Cliquez sur l&rsquo;image pour d\u00e9couvrir ce site.<\/p>\t\t\t\t\t\t\t\t<\/div>\n\t\t\t\t<\/div>\n\t\t\t\t<\/div>\n\t\t\t\t<\/div>\n\t\t\t\t<\/div>\n\t\t\t\t<\/div>\n\t\t","protected":false},"excerpt":{"rendered":"<p>Sites am\u00e9nag\u00e9s D\u00e9couvrez les sites remarquables de Bouchemaine, t\u00e9moins de l&rsquo;histoire de la commune. La Pointe, paysage lig\u00e9rien Ruzebouc, devenu La Pointe au XVII\u00e8me si\u00e8cle, situ\u00e9 \u00e0 la confluence de la Maine et de la Loire, est devenu rapidement le lieu de vill\u00e9giature\u00a0 \u00a0des aristocrates puis des notables. qui y ont laiss\u00e9 de belles maisons [&hellip;]<\/p>\n","protected":false},"author":1,"featured_media":0,"parent":0,"menu_order":0,"comment_status":"closed","ping_status":"closed","template":"","meta":{"site-sidebar-layout":"no-sidebar","site-content-layout":"","ast-site-content-layout":"full-width-container","site-content-style":"default","site-sidebar-style":"default","ast-global-header-display":"","ast-banner-title-visibility":"","ast-main-header-display":"","ast-hfb-above-header-display":"","ast-hfb-below-header-display":"","ast-hfb-mobile-header-display":"","site-post-title":"disabled","ast-breadcrumbs-content":"","ast-featured-img":"disabled","footer-sml-layout":"","ast-disable-related-posts":"","theme-transparent-header-meta":"","adv-header-id-meta":"","stick-header-meta":"","header-above-stick-meta":"","header-main-stick-meta":"","header-below-stick-meta":"","astra-migrate-meta-layouts":"default","ast-page-background-enabled":"default","ast-page-background-meta":{"desktop":{"background-color":"var(--ast-global-color-5)","background-image":"","background-repeat":"repeat","background-position":"center center","background-size":"auto","background-attachment":"scroll","background-type":"","background-media":"","overlay-type":"","overlay-color":"","overlay-opacity":"","overlay-gradient":""},"tablet":{"background-color":"","background-image":"","background-repeat":"repeat","background-position":"center center","background-size":"auto","background-attachment":"scroll","background-type":"","background-media":"","overlay-type":"","overlay-color":"","overlay-opacity":"","overlay-gradient":""},"mobile":{"background-color":"","background-image":"","background-repeat":"repeat","background-position":"center center","background-size":"auto","background-attachment":"scroll","background-type":"","background-media":"","overlay-type":"","overlay-color":"","overlay-opacity":"","overlay-gradient":""}},"ast-content-background-meta":{"desktop":{"background-color":"var(--ast-global-color-4)","background-image":"","background-repeat":"repeat","background-position":"center center","background-size":"auto","background-attachment":"scroll","background-type":"","background-media":"","overlay-type":"","overlay-color":"","overlay-opacity":"","overlay-gradient":""},"tablet":{"background-color":"var(--ast-global-color-4)","background-image":"","background-repeat":"repeat","background-position":"center center","background-size":"auto","background-attachment":"scroll","background-type":"","background-media":"","overlay-type":"","overlay-color":"","overlay-opacity":"","overlay-gradient":""},"mobile":{"background-color":"var(--ast-global-color-4)","background-image":"","background-repeat":"repeat","background-position":"center center","background-size":"auto","background-attachment":"scroll","background-type":"","background-media":"","overlay-type":"","overlay-color":"","overlay-opacity":"","overlay-gradient":""}},"footnotes":""},"class_list":["post-889","page","type-page","status-publish","hentry"],"_links":{"self":[{"href":"https:\/\/bouchemaine.hclm49.fr\/index.php?rest_route=\/wp\/v2\/pages\/889","targetHints":{"allow":["GET"]}}],"collection":[{"href":"https:\/\/bouchemaine.hclm49.fr\/index.php?rest_route=\/wp\/v2\/pages"}],"about":[{"href":"https:\/\/bouchemaine.hclm49.fr\/index.php?rest_route=\/wp\/v2\/types\/page"}],"author":[{"embeddable":true,"href":"https:\/\/bouchemaine.hclm49.fr\/index.php?rest_route=\/wp\/v2\/users\/1"}],"replies":[{"embeddable":true,"href":"https:\/\/bouchemaine.hclm49.fr\/index.php?rest_route=%2Fwp%2Fv2%2Fcomments&post=889"}],"version-history":[{"count":26,"href":"https:\/\/bouchemaine.hclm49.fr\/index.php?rest_route=\/wp\/v2\/pages\/889\/revisions"}],"predecessor-version":[{"id":2232,"href":"https:\/\/bouchemaine.hclm49.fr\/index.php?rest_route=\/wp\/v2\/pages\/889\/revisions\/2232"}],"wp:attachment":[{"href":"https:\/\/bouchemaine.hclm49.fr\/index.php?rest_route=%2Fwp%2Fv2%2Fmedia&parent=889"}],"curies":[{"name":"wp","href":"https:\/\/api.w.org\/{rel}","templated":true}]}}