{"id":942,"date":"2025-09-23T09:56:19","date_gmt":"2025-09-23T07:56:19","guid":{"rendered":"https:\/\/bouchemaine.hclm49.fr\/?page_id=942"},"modified":"2026-01-06T11:19:30","modified_gmt":"2026-01-06T10:19:30","slug":"histoire","status":"publish","type":"page","link":"https:\/\/bouchemaine.hclm49.fr\/?page_id=942","title":{"rendered":"Histoire"},"content":{"rendered":"\t\t<div data-elementor-type=\"wp-page\" data-elementor-id=\"942\" class=\"elementor elementor-942\">\n\t\t\t\t<div class=\"elementor-element elementor-element-95c3fb5 e-con-full e-flex e-con e-parent\" data-id=\"95c3fb5\" data-element_type=\"container\" data-e-type=\"container\" data-settings=\"{&quot;background_background&quot;:&quot;classic&quot;}\">\n\t\t\t\t<div class=\"elementor-element elementor-element-6d68152 elementor-widget__width-inherit elementor-widget elementor-widget-heading\" data-id=\"6d68152\" data-element_type=\"widget\" data-e-type=\"widget\" data-widget_type=\"heading.default\">\n\t\t\t\t<div class=\"elementor-widget-container\">\n\t\t\t\t\t<h2 class=\"elementor-heading-title elementor-size-default\">Br\u00e8ve histoire de Bouchemaine<\/h2>\t\t\t\t<\/div>\n\t\t\t\t<\/div>\n\t\t\t\t<\/div>\n\t\t<div class=\"elementor-element elementor-element-3d878bd e-con-full e-flex e-con e-parent\" data-id=\"3d878bd\" data-element_type=\"container\" data-e-type=\"container\" data-settings=\"{&quot;background_background&quot;:&quot;classic&quot;}\">\n\t\t\t\t<div class=\"elementor-element elementor-element-5ed544b elementor-widget__width-inherit elementor-widget elementor-widget-text-editor\" data-id=\"5ed544b\" data-element_type=\"widget\" data-e-type=\"widget\" data-widget_type=\"text-editor.default\">\n\t\t\t\t<div class=\"elementor-widget-container\">\n\t\t\t\t\t\t\t\t\t<p>Cette page a \u00e9t\u00e9 \u00e9labor\u00e9e \u00e0 partir de la publication de Marie Hladik parue dans le bulletin<a href=\"https:\/\/hclm49.fr\/bulletins\/\"> HCLM B70 (Juin 2022)<\/a><\/p>\t\t\t\t\t\t\t\t<\/div>\n\t\t\t\t<\/div>\n\t\t\t\t<\/div>\n\t\t<div class=\"elementor-element elementor-element-9c8cea3 e-flex e-con-boxed e-con e-parent\" data-id=\"9c8cea3\" data-element_type=\"container\" data-e-type=\"container\" data-settings=\"{&quot;background_background&quot;:&quot;classic&quot;}\">\n\t\t\t\t\t<div class=\"e-con-inner\">\n\t\t\t\t<div class=\"elementor-element elementor-element-190c251 elementor-widget__width-inherit elementor-widget elementor-widget-text-editor\" data-id=\"190c251\" data-element_type=\"widget\" data-e-type=\"widget\" data-widget_type=\"text-editor.default\">\n\t\t\t\t<div class=\"elementor-widget-container\">\n\t\t\t\t\t\t\t\t\t<figure id=\"attachment_962\" aria-describedby=\"caption-attachment-962\" style=\"width: 700px\" class=\"wp-caption alignleft\"><img fetchpriority=\"high\" decoding=\"async\" class=\"wp-image-962\" src=\"https:\/\/bouchemaine.hclm49.fr\/wp-content\/uploads\/2025\/09\/carte-03-300x200.jpg\" alt=\"\" width=\"700\" height=\"468\" srcset=\"https:\/\/bouchemaine.hclm49.fr\/wp-content\/uploads\/2025\/09\/carte-03-300x200.jpg 300w, https:\/\/bouchemaine.hclm49.fr\/wp-content\/uploads\/2025\/09\/carte-03.jpg 425w\" sizes=\"(max-width: 700px) 100vw, 700px\" \/><figcaption id=\"caption-attachment-962\" class=\"wp-caption-text\">Carte de L.Simon dat\u00e9e de 1732<\/figcaption><\/figure><p align=\"left\"><span style=\"color: #000000;\"><span style=\"font-family: Liberation Sans, sans-serif;\"><span style=\"font-size: medium;\">Le 12 novembre 1789, l&rsquo;Assembl\u00e9e nationale constituante d\u00e9cr\u00e8te qu&rsquo;<i>\u00ab il y aura une municipalit\u00e9 dans chaque ville, bourg, paroisse ou communaut\u00e9 de campagne \u00bb <\/i>. Qu\u2019en est-il pour Bouchemaine ?<\/span><\/span><\/span><\/p><p align=\"left\"><span style=\"color: #000000;\"><span style=\"font-family: Liberation Sans, sans-serif;\"><span style=\"font-size: medium;\">La commune est la r\u00e9union de deux paroisses bien diff\u00e9rentes, celle de Saint-Aubin de Pruniers et celle de Saint-Symphorien \u00e0 Bouchemaine.<\/span><\/span><\/span><\/p><p align=\"left\"><span style=\"color: #000000;\"><span style=\"font-family: Liberation Sans, sans-serif;\"><span style=\"font-size: medium;\">Selon C\u00e9lestin Port, la cure de Pruniers \u00e9tait \u00e0 l\u2019\u00e9poque un des plus pauvres b\u00e9n\u00e9fices de l\u2019Anjou\u2026 La paroisse pour moiti\u00e9 en landes, bois et rochers comptait \u00e0 peine 50 feux, 360 habitants en 1789. En 1809, l\u2019\u00e9v\u00eaque d\u2019Angers supprime Pruniers de la liste des paroisses et la petite \u00e9glise devient un simple oratoire desservi par le clerg\u00e9 de Bouchemaine. En 1844, la paroisse de Pruniers est r\u00e9tablie par le roi Louis-Philippe.<\/span><\/span><\/span><\/p><p align=\"left\"><span style=\"color: #000000;\"><span style=\"font-family: Liberation Sans, sans-serif;\"><span style=\"font-size: medium;\">La paroisse de Bouchemaine situ\u00e9e \u00e0 la confluence de la Maine et de la Loire est alors bien plus importante, elle compte 1 190 habitants, le bourg de La Pointe en fait partie. Jusqu&rsquo;\u00e0 la R\u00e9volution, la vie de la Pointe est tr\u00e8s anim\u00e9e. C&rsquo;est un lieu de p\u00e9age avant Angers. \u00e0 la Pr\u00e9v\u00f4t\u00e9, logeait l&rsquo;officier charg\u00e9 de percevoir les taxes non seulement sur le sel, la gabelle, mais aussi le vin et autres denr\u00e9es transitant par la Loire, seule voie de communication avant l\u2019arriv\u00e9e du chemin de fer.<\/span><\/span><\/span><\/p><p align=\"left\"><span style=\"color: #000000;\"><span style=\"font-family: Liberation Sans, sans-serif;\"><span style=\"font-size: medium;\">D\u2019apr\u00e8s C\u00e9lestin Port, \u00e0 La Pointe, nomm\u00e9e \u00e0 l\u2019\u00e9poque Ruzebouc, il y avait aussi <i>\u00ab 538 hectares en vigne blanche o\u00f9 se r\u00e9colte le vin r\u00e9put\u00e9 en Anjou sous le nom de La Pointe \u00bb<\/i>. D\u2019o\u00f9 le nom du lotissement, \u00ab Les Vignes \u00bb, construit en 1993.<\/span><\/span><\/span><\/p><p align=\"left\"><span style=\"color: #000000;\"><span style=\"font-family: Liberation Sans, sans-serif;\"><span style=\"font-size: medium;\">L\u2019habitat est essentiellement concentr\u00e9 au bord de la Loire et de la Maine qu\u2019il domine de 30 m par endroits. A l\u2019ouest se situent les \u00ab \u00e9carts \u00bb c\u2019est-\u00e0-dire la campagne parsem\u00e9e de quelques lieux-dits.<\/span><\/span><\/span><\/p>\t\t\t\t\t\t\t\t<\/div>\n\t\t\t\t<\/div>\n\t\t\t\t\t<\/div>\n\t\t\t\t<\/div>\n\t\t\t\t<\/div>\n\t\t","protected":false},"excerpt":{"rendered":"<p>Br\u00e8ve histoire de Bouchemaine Cette page a \u00e9t\u00e9 \u00e9labor\u00e9e \u00e0 partir de la publication de Marie Hladik parue dans le bulletin HCLM B70 (Juin 2022) Le 12 novembre 1789, l&rsquo;Assembl\u00e9e nationale constituante d\u00e9cr\u00e8te qu&rsquo;\u00ab il y aura une municipalit\u00e9 dans chaque ville, bourg, paroisse ou communaut\u00e9 de campagne \u00bb . Qu\u2019en est-il pour Bouchemaine ? [&hellip;]<\/p>\n","protected":false},"author":1,"featured_media":0,"parent":0,"menu_order":0,"comment_status":"closed","ping_status":"closed","template":"","meta":{"site-sidebar-layout":"no-sidebar","site-content-layout":"","ast-site-content-layout":"full-width-container","site-content-style":"default","site-sidebar-style":"default","ast-global-header-display":"","ast-banner-title-visibility":"","ast-main-header-display":"","ast-hfb-above-header-display":"","ast-hfb-below-header-display":"","ast-hfb-mobile-header-display":"","site-post-title":"disabled","ast-breadcrumbs-content":"","ast-featured-img":"disabled","footer-sml-layout":"","ast-disable-related-posts":"","theme-transparent-header-meta":"","adv-header-id-meta":"","stick-header-meta":"","header-above-stick-meta":"","header-main-stick-meta":"","header-below-stick-meta":"","astra-migrate-meta-layouts":"default","ast-page-background-enabled":"default","ast-page-background-meta":{"desktop":{"background-color":"var(--ast-global-color-5)","background-image":"","background-repeat":"repeat","background-position":"center center","background-size":"auto","background-attachment":"scroll","background-type":"","background-media":"","overlay-type":"","overlay-color":"","overlay-opacity":"","overlay-gradient":""},"tablet":{"background-color":"","background-image":"","background-repeat":"repeat","background-position":"center center","background-size":"auto","background-attachment":"scroll","background-type":"","background-media":"","overlay-type":"","overlay-color":"","overlay-opacity":"","overlay-gradient":""},"mobile":{"background-color":"","background-image":"","background-repeat":"repeat","background-position":"center center","background-size":"auto","background-attachment":"scroll","background-type":"","background-media":"","overlay-type":"","overlay-color":"","overlay-opacity":"","overlay-gradient":""}},"ast-content-background-meta":{"desktop":{"background-color":"var(--ast-global-color-4)","background-image":"","background-repeat":"repeat","background-position":"center center","background-size":"auto","background-attachment":"scroll","background-type":"","background-media":"","overlay-type":"","overlay-color":"","overlay-opacity":"","overlay-gradient":""},"tablet":{"background-color":"var(--ast-global-color-4)","background-image":"","background-repeat":"repeat","background-position":"center center","background-size":"auto","background-attachment":"scroll","background-type":"","background-media":"","overlay-type":"","overlay-color":"","overlay-opacity":"","overlay-gradient":""},"mobile":{"background-color":"var(--ast-global-color-4)","background-image":"","background-repeat":"repeat","background-position":"center center","background-size":"auto","background-attachment":"scroll","background-type":"","background-media":"","overlay-type":"","overlay-color":"","overlay-opacity":"","overlay-gradient":""}},"footnotes":""},"class_list":["post-942","page","type-page","status-publish","hentry"],"_links":{"self":[{"href":"https:\/\/bouchemaine.hclm49.fr\/index.php?rest_route=\/wp\/v2\/pages\/942","targetHints":{"allow":["GET"]}}],"collection":[{"href":"https:\/\/bouchemaine.hclm49.fr\/index.php?rest_route=\/wp\/v2\/pages"}],"about":[{"href":"https:\/\/bouchemaine.hclm49.fr\/index.php?rest_route=\/wp\/v2\/types\/page"}],"author":[{"embeddable":true,"href":"https:\/\/bouchemaine.hclm49.fr\/index.php?rest_route=\/wp\/v2\/users\/1"}],"replies":[{"embeddable":true,"href":"https:\/\/bouchemaine.hclm49.fr\/index.php?rest_route=%2Fwp%2Fv2%2Fcomments&post=942"}],"version-history":[{"count":58,"href":"https:\/\/bouchemaine.hclm49.fr\/index.php?rest_route=\/wp\/v2\/pages\/942\/revisions"}],"predecessor-version":[{"id":1639,"href":"https:\/\/bouchemaine.hclm49.fr\/index.php?rest_route=\/wp\/v2\/pages\/942\/revisions\/1639"}],"wp:attachment":[{"href":"https:\/\/bouchemaine.hclm49.fr\/index.php?rest_route=%2Fwp%2Fv2%2Fmedia&parent=942"}],"curies":[{"name":"wp","href":"https:\/\/api.w.org\/{rel}","templated":true}]}}